{"id":3572,"date":"2019-05-14T19:18:52","date_gmt":"2019-05-14T19:18:52","guid":{"rendered":"http:\/\/actlearningcentre.ca\/our-team\/"},"modified":"2025-07-25T15:44:23","modified_gmt":"2025-07-25T15:44:23","slug":"notre-equipe","status":"publish","type":"page","link":"https:\/\/actlearningcentre.ca\/fr\/notre-equipe\/","title":{"rendered":"Notre \u00e9quipe"},"content":{"rendered":"\n<style type=\"text\/css\" data-created_by=\"avia_inline_auto\" id=\"style-css-av-cgxz7g-489c754a45491d4640ae9b5313b70d3b\">\n.avia-section.av-cgxz7g-489c754a45491d4640ae9b5313b70d3b{\nbackground-repeat:no-repeat;\nbackground-image:url(https:\/\/actlearningcentre.ca\/wp-content\/uploads\/2024\/06\/A-propos-5.png);\nbackground-position:50% 0%;\nbackground-attachment:scroll;\n}\n.avia-section.av-cgxz7g-489c754a45491d4640ae9b5313b70d3b .av-section-color-overlay{\nopacity:0.8;\nbackground-color:#00afef;\n}\n<\/style>\n<div id='av_section_1'  class='avia-section av-cgxz7g-489c754a45491d4640ae9b5313b70d3b main_color avia-section-default avia-no-border-styling  avia-builder-el-0  el_before_av_section  avia-builder-el-first  avia-full-stretch avia-bg-style-scroll av-section-color-overlay-active av-minimum-height av-minimum-height-50 av-height-50  container_wrap fullsize'  data-section-bg-repeat='stretch' data-av_minimum_height_pc='50' data-av_min_height_opt='50'><div class=\"av-section-color-overlay-wrap\"><div class=\"av-section-color-overlay\"><\/div><div class='container av-section-cont-open' ><main  role=\"main\" itemprop=\"mainContentOfPage\"  class='template-page content  av-content-full alpha units'><div class='post-entry post-entry-type-page post-entry-3572'><div class='entry-content-wrapper clearfix'>\n\n<style type=\"text\/css\" data-created_by=\"avia_inline_auto\" id=\"style-css-av-lxafffgx-aa0106e9be27c353a9473b0666e58ba7\">\n#top .av_textblock_section.av-lxafffgx-aa0106e9be27c353a9473b0666e58ba7 .avia_textblock{\ncolor:#ffffff;\n}\n<\/style>\n<section  class='av_textblock_section av-lxafffgx-aa0106e9be27c353a9473b0666e58ba7 '   itemscope=\"itemscope\" itemtype=\"https:\/\/schema.org\/CreativeWork\" ><div class='avia_textblock av_inherit_color'  itemprop=\"text\" ><h1 style=\"text-align: center;\">NOTRE \u00c9QUIPE<\/h1>\n<p style=\"text-align: center;\">L\u2019\u00e9quipe du centre d\u2019apprentissage ACT est compos\u00e9e de th\u00e9rapeutes d\u00e9vou\u00e9s ayant des ant\u00e9c\u00e9dents et des sp\u00e9cialit\u00e9s uniques.<\/p>\n<\/div><\/section>\n\n<\/div><\/div><\/main><!-- close content main element --><\/div><\/div><\/div>\n<style type=\"text\/css\" data-created_by=\"avia_inline_auto\" id=\"style-css-av-k6b3c0kp-cdeaf922fd18d484491a1af6ca46f082\">\n.avia-section.av-k6b3c0kp-cdeaf922fd18d484491a1af6ca46f082{\nbackground-color:#ffffff;\nbackground-image:unset;\n}\n<\/style>\n<div id='av_section_2'  class='avia-section av-k6b3c0kp-cdeaf922fd18d484491a1af6ca46f082 main_color avia-section-default avia-no-border-styling  avia-builder-el-2  el_after_av_section  el_before_av_one_full  avia-bg-style-scroll container_wrap fullsize'  ><div class='container av-section-cont-open' ><div class='template-page content  av-content-full alpha units'><div class='post-entry post-entry-type-page post-entry-3572'><div class='entry-content-wrapper clearfix'>\n\n<style type=\"text\/css\" data-created_by=\"avia_inline_auto\" id=\"style-css-av-ld1pqmqp-dd99f739c14df3425aefbdd4e5e0e1bc\">\n#top .av-special-heading.av-ld1pqmqp-dd99f739c14df3425aefbdd4e5e0e1bc{\npadding-bottom:10px;\n}\nbody .av-special-heading.av-ld1pqmqp-dd99f739c14df3425aefbdd4e5e0e1bc .av-special-heading-tag .heading-char{\nfont-size:25px;\n}\n.av-special-heading.av-ld1pqmqp-dd99f739c14df3425aefbdd4e5e0e1bc .av-subheading{\nfont-size:15px;\n}\n<\/style>\n<div  class='av-special-heading av-ld1pqmqp-dd99f739c14df3425aefbdd4e5e0e1bc av-special-heading-h2  avia-builder-el-3  el_before_av_two_third  avia-builder-el-first '><h2 class='av-special-heading-tag'  itemprop=\"headline\"  >Dirigeants<\/h2><div class=\"special-heading-border\"><div class=\"special-heading-inner-border\"><\/div><\/div><\/div>\n<div class='flex_column_table av-k6b36f2k-d075ada323fab11101e44e7848793313 sc-av_two_third av-equal-height-column-flextable'>\n<style type=\"text\/css\" data-created_by=\"avia_inline_auto\" id=\"style-css-av-k6b36f2k-d075ada323fab11101e44e7848793313\">\n.flex_column.av-k6b36f2k-d075ada323fab11101e44e7848793313{\nborder-radius:0px 0px 0px 0px;\npadding:0px 0px 0px 0px;\n}\n<\/style>\n<div  class='flex_column av-k6b36f2k-d075ada323fab11101e44e7848793313 av_two_third  avia-builder-el-4  el_after_av_heading  el_before_av_one_third  first flex_column_table_cell av-equal-height-column av-align-middle av-zero-column-padding  '     ><section  class='av_textblock_section av-3yw3xw-56aef084988593686d1dba090830494a '   itemscope=\"itemscope\" itemtype=\"https:\/\/schema.org\/CreativeWork\" ><div class='avia_textblock'  itemprop=\"text\" ><h3>CYNTHIA (CINDY) HARRISON<\/h3>\n<h5>CEO<\/h5>\n<p>Cindy est titulaire d\u2019un certificat de troisi\u00e8me cycle en DIR\/Floortime, a suivi la formation avanc\u00e9e du mod\u00e8le Early Start Denver (D\u00e9marrage pr\u00e9coce de Denver) et est formatrice pour le Projet Play&#8230;<\/p>\n<\/div><\/section><\/div><div class='av-flex-placeholder'><\/div>\n<style type=\"text\/css\" data-created_by=\"avia_inline_auto\" id=\"style-css-av-k6b35ogl-98ec79280524455e97bb540bf0f4c942\">\n.flex_column.av-k6b35ogl-98ec79280524455e97bb540bf0f4c942{\nborder-radius:0px 0px 0px 0px;\npadding:0px 0px 0px 0px;\n}\n<\/style>\n<div  class='flex_column av-k6b35ogl-98ec79280524455e97bb540bf0f4c942 av_one_third  avia-builder-el-6  el_after_av_two_third  el_before_av_hr  flex_column_table_cell av-equal-height-column av-align-middle av-zero-column-padding avia-link-column av-column-link  '    data-link-column-url=\"https:\/\/actlearningcentre.ca\/fr\/member\/cynthia-cindy-harrison-m-sc-reg-caslpo\/\"  data-link-column-target=\"_blank\"   ><a class=\"av-screen-reader-only\" href=https:\/\/actlearningcentre.ca\/fr\/member\/cynthia-cindy-harrison-m-sc-reg-caslpo\/  target=\"_blank\" >Suivre un lien ajout\u00e9 manuellement<\/a><style type=\"text\/css\" data-created_by=\"avia_inline_auto\" id=\"style-css-av-k6b34tzx-ec28188f067319e3ec0fd0d5ce3e9875\">\n.avia-image-container.av-k6b34tzx-ec28188f067319e3ec0fd0d5ce3e9875 img.avia_image{\nbox-shadow:none;\n}\n.avia-image-container.av-k6b34tzx-ec28188f067319e3ec0fd0d5ce3e9875 .av-image-caption-overlay-center{\ncolor:#ffffff;\n}\n<\/style>\n<div  class='avia-image-container av-k6b34tzx-ec28188f067319e3ec0fd0d5ce3e9875 av-styling-circle avia-align-center  avia-builder-el-7  avia-builder-el-no-sibling '   itemprop=\"image\" itemscope=\"itemscope\" itemtype=\"https:\/\/schema.org\/ImageObject\" ><div class=\"avia-image-container-inner\"><div class=\"avia-image-overlay-wrap\"><img decoding=\"async\" fetchpriority=\"high\" class='wp-image-3858 avia-img-lazy-loading-not-3858 avia_image ' src=\"https:\/\/actlearningcentre.ca\/wp-content\/uploads\/2021\/10\/Cindy-2021-300x300.jpg\" alt='' title='Cindy-2021'  height=\"300\" width=\"300\"  itemprop=\"thumbnailUrl\" srcset=\"https:\/\/actlearningcentre.ca\/wp-content\/uploads\/2021\/10\/Cindy-2021-300x300.jpg 300w, https:\/\/actlearningcentre.ca\/wp-content\/uploads\/2021\/10\/Cindy-2021-80x80.jpg 80w, https:\/\/actlearningcentre.ca\/wp-content\/uploads\/2021\/10\/Cindy-2021-36x36.jpg 36w, https:\/\/actlearningcentre.ca\/wp-content\/uploads\/2021\/10\/Cindy-2021-180x180.jpg 180w, https:\/\/actlearningcentre.ca\/wp-content\/uploads\/2021\/10\/Cindy-2021.jpg 500w\" sizes=\"(max-width: 300px) 100vw, 300px\" \/><\/div><\/div><\/div><\/div><\/div><!--close column table wrapper. Autoclose: 1 -->\n<style type=\"text\/css\" data-created_by=\"avia_inline_auto\" id=\"style-css-av-ld1pg8di-ea02ca843a473b9dcb8561dd16968013\">\n#top .hr.hr-invisible.av-ld1pg8di-ea02ca843a473b9dcb8561dd16968013{\nheight:50px;\n}\n<\/style>\n<div  class='hr av-ld1pg8di-ea02ca843a473b9dcb8561dd16968013 hr-invisible  avia-builder-el-8  el_after_av_one_third  el_before_av_one_fourth '><span class='hr-inner '><span class=\"hr-inner-style\"><\/span><\/span><\/div>\n<div  class='flex_column av-ld1pwo1y-139412b569b71db0e46b19eeb5f45780 av_one_fourth  avia-builder-el-9  el_after_av_hr  el_before_av_one_fourth  first flex_column_div avia-link-column av-column-link  '    data-link-column-url=\"https:\/\/actlearningcentre.ca\/fr\/member\/jocelyne-boileau\/\"  data-link-column-target=\"_blank\"   ><a class=\"av-screen-reader-only\" href=https:\/\/actlearningcentre.ca\/fr\/member\/jocelyne-boileau\/  target=\"_blank\" >Suivre un lien ajout\u00e9 manuellement<\/a><p>\n<style type=\"text\/css\" data-created_by=\"avia_inline_auto\" id=\"style-css-av-ld1pkge8-6fe14a0232b84a91b33e58007ca26961\">\n.avia-image-container.av-ld1pkge8-6fe14a0232b84a91b33e58007ca26961 img.avia_image{\nbox-shadow:none;\n}\n.avia-image-container.av-ld1pkge8-6fe14a0232b84a91b33e58007ca26961 .av-image-caption-overlay-center{\ncolor:#ffffff;\n}\n<\/style>\n<div  class='avia-image-container av-ld1pkge8-6fe14a0232b84a91b33e58007ca26961 av-styling-circle avia-align-center  avia-builder-el-10  el_before_av_textblock  avia-builder-el-first '   itemprop=\"image\" itemscope=\"itemscope\" itemtype=\"https:\/\/schema.org\/ImageObject\" ><div class=\"avia-image-container-inner\"><div class=\"avia-image-overlay-wrap\"><img decoding=\"async\" fetchpriority=\"high\" class='wp-image-6933 avia-img-lazy-loading-not-6933 avia_image ' src=\"https:\/\/actlearningcentre.ca\/wp-content\/uploads\/2022\/08\/joce4-180x180.png\" alt='' title='joce4'  height=\"180\" width=\"180\"  itemprop=\"thumbnailUrl\" srcset=\"https:\/\/actlearningcentre.ca\/wp-content\/uploads\/2022\/08\/joce4-180x180.png 180w, https:\/\/actlearningcentre.ca\/wp-content\/uploads\/2022\/08\/joce4-300x300.png 300w, https:\/\/actlearningcentre.ca\/wp-content\/uploads\/2022\/08\/joce4-80x80.png 80w, https:\/\/actlearningcentre.ca\/wp-content\/uploads\/2022\/08\/joce4-36x36.png 36w, https:\/\/actlearningcentre.ca\/wp-content\/uploads\/2022\/08\/joce4-24x24.png 24w, https:\/\/actlearningcentre.ca\/wp-content\/uploads\/2022\/08\/joce4-48x48.png 48w, https:\/\/actlearningcentre.ca\/wp-content\/uploads\/2022\/08\/joce4.png 640w\" sizes=\"(max-width: 180px) 100vw, 180px\" \/><\/div><\/div><\/div><br \/>\n<section  class='av_textblock_section av-ld1pl3dd-61885ed92705bd51ef494050914f120e '   itemscope=\"itemscope\" itemtype=\"https:\/\/schema.org\/CreativeWork\" ><div class='avia_textblock'  itemprop=\"text\" ><h3 style=\"text-align: center;\">JOCELYNE BOILEAU<\/h3>\n<h5 style=\"text-align: center;\">Directrice des op\u00e9rations<\/h5>\n<p style=\"text-align: center;\">Jocelyne est directrice des op\u00e9rations au Centre d&rsquo;apprentissage ACT. Jocelyne est titulaire d\u2019un dipl\u00f4me en sciences sociales avec sp\u00e9cialisation en psychologie&#8230;<\/p>\n<\/div><\/section><\/p><\/div><div  class='flex_column av-ld1pzr0u-01c8635e4e0667e4a2633a6e927ec36d av_one_fourth  avia-builder-el-12  el_after_av_one_fourth  el_before_av_one_fourth  flex_column_div avia-link-column av-column-link  '    data-link-column-url=\"https:\/\/actlearningcentre.ca\/fr\/member\/caitlin-lacelle\/\"  data-link-column-target=\"_blank\"   ><a class=\"av-screen-reader-only\" href=https:\/\/actlearningcentre.ca\/fr\/member\/caitlin-lacelle\/  target=\"_blank\" >Suivre un lien ajout\u00e9 manuellement<\/a><p>\n<style type=\"text\/css\" data-created_by=\"avia_inline_auto\" id=\"style-css-av-ld1pmqsf-b19d550fb04e6bf12e80dbcbb5ea7e16\">\n.avia-image-container.av-ld1pmqsf-b19d550fb04e6bf12e80dbcbb5ea7e16 img.avia_image{\nbox-shadow:none;\n}\n.avia-image-container.av-ld1pmqsf-b19d550fb04e6bf12e80dbcbb5ea7e16 .av-image-caption-overlay-center{\ncolor:#ffffff;\n}\n<\/style>\n<div  class='avia-image-container av-ld1pmqsf-b19d550fb04e6bf12e80dbcbb5ea7e16 av-styling-circle avia-align-center  avia-builder-el-13  el_before_av_textblock  avia-builder-el-first '   itemprop=\"image\" itemscope=\"itemscope\" itemtype=\"https:\/\/schema.org\/ImageObject\" ><div class=\"avia-image-container-inner\"><div class=\"avia-image-overlay-wrap\"><img decoding=\"async\" fetchpriority=\"high\" class='wp-image-5110 avia-img-lazy-loading-not-5110 avia_image ' src=\"https:\/\/actlearningcentre.ca\/wp-content\/uploads\/2023\/01\/caitv2-180x180.png\" alt='' title='caitv2'  height=\"180\" width=\"180\"  itemprop=\"thumbnailUrl\" srcset=\"https:\/\/actlearningcentre.ca\/wp-content\/uploads\/2023\/01\/caitv2-180x180.png 180w, https:\/\/actlearningcentre.ca\/wp-content\/uploads\/2023\/01\/caitv2-80x80.png 80w, https:\/\/actlearningcentre.ca\/wp-content\/uploads\/2023\/01\/caitv2-36x36.png 36w, https:\/\/actlearningcentre.ca\/wp-content\/uploads\/2023\/01\/caitv2.png 215w\" sizes=\"(max-width: 180px) 100vw, 180px\" \/><\/div><\/div><\/div><br \/>\n<section  class='av_textblock_section av-ld1pmaoc-55a862f86add4fabf30d92ef76767a89 '   itemscope=\"itemscope\" itemtype=\"https:\/\/schema.org\/CreativeWork\" ><div class='avia_textblock'  itemprop=\"text\" ><h3 style=\"text-align: center;\">CAITLIN LACELLE<\/h3>\n<h5 style=\"text-align: center;\">Directrice d&rsquo;ergoth\u00e9rapie et programme de pr\u00e9paration aux d\u00e9buts scolaires<\/h5>\n<p style=\"text-align: center;\">Caitlin est une ergoth\u00e9rapeute enregistr\u00e9e aupr\u00e8s de la province de l\u2019Ontario. Elle est titulaire d\u2019un baccalaur\u00e9at \u00e8s arts en sociologie de l\u2019Universit\u00e9 McGill en 2009 et&#8230;<\/p>\n<\/div><\/section><\/p><\/div><div  class='flex_column av-ld1porut-03e3b8678caad152857b85e5182300ba av_one_fourth  avia-builder-el-15  el_after_av_one_fourth  el_before_av_one_fourth  flex_column_div avia-link-column av-column-link  '    data-link-column-url=\"https:\/\/actlearningcentre.ca\/fr\/member\/rebecca-nishimura\/\"  data-link-column-target=\"_blank\"   ><a class=\"av-screen-reader-only\" href=https:\/\/actlearningcentre.ca\/fr\/member\/rebecca-nishimura\/  target=\"_blank\" >Suivre un lien ajout\u00e9 manuellement<\/a><p>\n<style type=\"text\/css\" data-created_by=\"avia_inline_auto\" id=\"style-css-av-ld1pn2vu-373e6ff43bc910ed4b5274debb5385d3\">\n.avia-image-container.av-ld1pn2vu-373e6ff43bc910ed4b5274debb5385d3 img.avia_image{\nbox-shadow:none;\n}\n.avia-image-container.av-ld1pn2vu-373e6ff43bc910ed4b5274debb5385d3 .av-image-caption-overlay-center{\ncolor:#ffffff;\n}\n<\/style>\n<div  class='avia-image-container av-ld1pn2vu-373e6ff43bc910ed4b5274debb5385d3 av-styling-circle avia-align-center  avia-builder-el-16  el_before_av_textblock  avia-builder-el-first '   itemprop=\"image\" itemscope=\"itemscope\" itemtype=\"https:\/\/schema.org\/ImageObject\" ><div class=\"avia-image-container-inner\"><div class=\"avia-image-overlay-wrap\"><img decoding=\"async\" fetchpriority=\"high\" class='wp-image-4873 avia-img-lazy-loading-not-4873 avia_image ' src=\"https:\/\/actlearningcentre.ca\/wp-content\/uploads\/2022\/09\/rebecca-180x180.png\" alt='' title='rebecca'  height=\"180\" width=\"180\"  itemprop=\"thumbnailUrl\" srcset=\"https:\/\/actlearningcentre.ca\/wp-content\/uploads\/2022\/09\/rebecca-180x180.png 180w, https:\/\/actlearningcentre.ca\/wp-content\/uploads\/2022\/09\/rebecca-300x300.png 300w, https:\/\/actlearningcentre.ca\/wp-content\/uploads\/2022\/09\/rebecca-80x80.png 80w, https:\/\/actlearningcentre.ca\/wp-content\/uploads\/2022\/09\/rebecca-36x36.png 36w, https:\/\/actlearningcentre.ca\/wp-content\/uploads\/2022\/09\/rebecca.png 400w\" sizes=\"(max-width: 180px) 100vw, 180px\" \/><\/div><\/div><\/div><br \/>\n<section  class='av_textblock_section av-ld1pnwec-508fc9691844d985859fcfaec14f078d '   itemscope=\"itemscope\" itemtype=\"https:\/\/schema.org\/CreativeWork\" ><div class='avia_textblock'  itemprop=\"text\" ><h3 style=\"text-align: center;\">REBECCA NISHIMURA<\/h3>\n<h5 style=\"text-align: center;\">Directrice du projet PLAY et orthophonie<\/h5>\n<p style=\"text-align: center;\">Rebecca Nishimura est une orthophoniste enregistr\u00e9e aupr\u00e8s de la province de l\u2019Ontario. Elle a obtenu une ma\u00eetrise en sciences et troubles de la&#8230;<\/p>\n<\/div><\/section><\/p><\/div><div  class='flex_column av-lxaftx9o-068fe827e70c88beaf2f568efbf931fc av_one_fourth  avia-builder-el-18  el_after_av_one_fourth  avia-builder-el-last  flex_column_div avia-link-column av-column-link  '    data-link-column-url=\"https:\/\/actlearningcentre.ca\/fr\/member\/kristy-hunt\/\"  data-link-column-target=\"_blank\"   ><a class=\"av-screen-reader-only\" href=https:\/\/actlearningcentre.ca\/fr\/member\/kristy-hunt\/  target=\"_blank\" >Suivre un lien ajout\u00e9 manuellement<\/a><p>\n<style type=\"text\/css\" data-created_by=\"avia_inline_auto\" id=\"style-css-av-lxafnrir-58ff1f23912c04d84d450b03debebdec\">\n.avia-image-container.av-lxafnrir-58ff1f23912c04d84d450b03debebdec img.avia_image{\nbox-shadow:none;\n}\n.avia-image-container.av-lxafnrir-58ff1f23912c04d84d450b03debebdec .av-image-caption-overlay-center{\ncolor:#ffffff;\n}\n<\/style>\n<div  class='avia-image-container av-lxafnrir-58ff1f23912c04d84d450b03debebdec av-styling-circle avia-align-center  avia-builder-el-19  el_before_av_textblock  avia-builder-el-first '   itemprop=\"image\" itemscope=\"itemscope\" itemtype=\"https:\/\/schema.org\/ImageObject\" ><div class=\"avia-image-container-inner\"><div class=\"avia-image-overlay-wrap\"><img decoding=\"async\" fetchpriority=\"high\" class='wp-image-5844 avia-img-lazy-loading-not-5844 avia_image ' src=\"https:\/\/actlearningcentre.ca\/wp-content\/uploads\/2023\/08\/kristy-180x180.png\" alt='' title='kristy'  height=\"180\" width=\"180\"  itemprop=\"thumbnailUrl\" srcset=\"https:\/\/actlearningcentre.ca\/wp-content\/uploads\/2023\/08\/kristy-180x180.png 180w, https:\/\/actlearningcentre.ca\/wp-content\/uploads\/2023\/08\/kristy-300x300.png 300w, https:\/\/actlearningcentre.ca\/wp-content\/uploads\/2023\/08\/kristy-80x80.png 80w, https:\/\/actlearningcentre.ca\/wp-content\/uploads\/2023\/08\/kristy-36x36.png 36w, https:\/\/actlearningcentre.ca\/wp-content\/uploads\/2023\/08\/kristy-24x24.png 24w, https:\/\/actlearningcentre.ca\/wp-content\/uploads\/2023\/08\/kristy-48x48.png 48w, https:\/\/actlearningcentre.ca\/wp-content\/uploads\/2023\/08\/kristy.png 400w\" sizes=\"(max-width: 180px) 100vw, 180px\" \/><\/div><\/div><\/div><br \/>\n<section  class='av_textblock_section av-lxafmsal-eef59d6aa87c5d302ece2a35cbc87bdd '   itemscope=\"itemscope\" itemtype=\"https:\/\/schema.org\/CreativeWork\" ><div class='avia_textblock'  itemprop=\"text\" ><h3 style=\"text-align: center;\">KRISTY HUNT<\/h3>\n<h5 style=\"text-align: center;\">Directrice de l\u2019analyse appliqu\u00e9e du comportements (ABA)<\/h5>\n<p style=\"text-align: center;\">Kristy est une analyste du comportement certifi\u00e9e par le conseil d&rsquo;administration et est titulaire d&rsquo;une ma\u00eetrise en \u00e9ducation sp\u00e9cialis\u00e9e de l&rsquo;Universit\u00e9 de l&rsquo;Arizona&#8230;<\/p>\n<\/div><\/section><\/p><\/div><\/div><\/div><\/div><!-- close content main div --><\/div><\/div><div id='after_section_2'  class='main_color av_default_container_wrap container_wrap fullsize'  ><div class='container av-section-cont-open' ><div class='template-page content  av-content-full alpha units'><div class='post-entry post-entry-type-page post-entry-3572'><div class='entry-content-wrapper clearfix'><div  class='flex_column av-1vimr8-4cc35fa4f80f6175f88cfcc8c854ab20 av_one_full  avia-builder-el-21  el_after_av_section  el_before_av_hr  avia-builder-el-first  first flex_column_div  '     ><section  class='av_textblock_section av-ld1phrk2-3aec406ce5becc4d19f3054aa847ebc0 '   itemscope=\"itemscope\" itemtype=\"https:\/\/schema.org\/CreativeWork\" ><div class='avia_textblock'  itemprop=\"text\" >\n<\/div><\/section><\/div><\/p>\n<div  class='hr av-2gzqjo-840c9d898890c0076ab8858db495da6f hr-default  avia-builder-el-23  el_after_av_one_full  avia-builder-el-last '><span class='hr-inner '><span class=\"hr-inner-style\"><\/span><\/span><\/div>\n","protected":false},"excerpt":{"rendered":"","protected":false},"author":582,"featured_media":0,"parent":0,"menu_order":2,"comment_status":"closed","ping_status":"closed","template":"","meta":{"footnotes":""},"aioseo_notices":[],"_links":{"self":[{"href":"https:\/\/actlearningcentre.ca\/fr\/wp-json\/wp\/v2\/pages\/3572"}],"collection":[{"href":"https:\/\/actlearningcentre.ca\/fr\/wp-json\/wp\/v2\/pages"}],"about":[{"href":"https:\/\/actlearningcentre.ca\/fr\/wp-json\/wp\/v2\/types\/page"}],"author":[{"embeddable":true,"href":"https:\/\/actlearningcentre.ca\/fr\/wp-json\/wp\/v2\/users\/582"}],"replies":[{"embeddable":true,"href":"https:\/\/actlearningcentre.ca\/fr\/wp-json\/wp\/v2\/comments?post=3572"}],"version-history":[{"count":29,"href":"https:\/\/actlearningcentre.ca\/fr\/wp-json\/wp\/v2\/pages\/3572\/revisions"}],"predecessor-version":[{"id":7572,"href":"https:\/\/actlearningcentre.ca\/fr\/wp-json\/wp\/v2\/pages\/3572\/revisions\/7572"}],"wp:attachment":[{"href":"https:\/\/actlearningcentre.ca\/fr\/wp-json\/wp\/v2\/media?parent=3572"}],"curies":[{"name":"wp","href":"https:\/\/api.w.org\/{rel}","templated":true}]}}