{"id":3613,"date":"2019-07-12T13:47:12","date_gmt":"2019-07-12T13:47:12","guid":{"rendered":"http:\/\/actlearningcentre.ca\/resources\/"},"modified":"2025-05-06T12:30:29","modified_gmt":"2025-05-06T12:30:29","slug":"resources","status":"publish","type":"page","link":"https:\/\/actlearningcentre.ca\/fr\/resources\/","title":{"rendered":"Resources"},"content":{"rendered":"\n<style type=\"text\/css\" data-created_by=\"avia_inline_auto\" id=\"style-css-av-boupfc-1e6e03ce67d0ddac17a09ce3b5e1d44f\">\n.avia-section.av-boupfc-1e6e03ce67d0ddac17a09ce3b5e1d44f{\nbackground-repeat:no-repeat;\nbackground-image:url(https:\/\/actlearningcentre.ca\/wp-content\/uploads\/2019\/05\/Resources-1500x630.jpg);\nbackground-position:0% 50%;\nbackground-attachment:scroll;\n}\n.avia-section.av-boupfc-1e6e03ce67d0ddac17a09ce3b5e1d44f .av-section-color-overlay{\nopacity:0.8;\nbackground-color:#00afef;\nbackground-image:url(https:\/\/actlearningcentre.ca\/wp-content\/themes\/enfold\/images\/background-images\/diagonal-thin-light.png);\nbackground-repeat:repeat;\n}\n<\/style>\n<div id='av_section_1'  class='avia-section av-boupfc-1e6e03ce67d0ddac17a09ce3b5e1d44f main_color avia-section-default avia-no-border-styling  avia-builder-el-0  el_before_av_section  avia-builder-el-first  avia-full-stretch avia-bg-style-scroll av-section-color-overlay-active av-minimum-height av-minimum-height-50 av-height-50  container_wrap fullsize'  data-section-bg-repeat='stretch' data-av_minimum_height_pc='50' data-av_min_height_opt='50'><div class=\"av-section-color-overlay-wrap\"><div class=\"av-section-color-overlay\"><\/div><div class='container av-section-cont-open' ><main  role=\"main\" itemprop=\"mainContentOfPage\"  class='template-page content  av-content-full alpha units'><div class='post-entry post-entry-type-page post-entry-3613'><div class='entry-content-wrapper clearfix'>\n<div class='flex_column_table av-bk9k7k-2cf669fa3ca6daa71598a4183e567714 sc-av_one_full av-equal-height-column-flextable'>\n<style type=\"text\/css\" data-created_by=\"avia_inline_auto\" id=\"style-css-av-bk9k7k-2cf669fa3ca6daa71598a4183e567714\">\n.flex_column.av-bk9k7k-2cf669fa3ca6daa71598a4183e567714{\nborder-radius:0px 0px 0px 0px;\npadding:0px 0px 0px 0px;\n}\n<\/style>\n<div  class='flex_column av-bk9k7k-2cf669fa3ca6daa71598a4183e567714 av_one_full  avia-builder-el-1  avia-builder-el-no-sibling  first flex_column_table_cell av-equal-height-column av-align-middle av-zero-column-padding  '     ><style type=\"text\/css\" data-created_by=\"avia_inline_auto\" id=\"style-css-av-kpftwitg-e8f72bab4cf368a4c463b31487db3691\">\n#top .av-special-heading.av-kpftwitg-e8f72bab4cf368a4c463b31487db3691{\npadding-bottom:10px;\ncolor:#ffffff;\n}\nbody .av-special-heading.av-kpftwitg-e8f72bab4cf368a4c463b31487db3691 .av-special-heading-tag .heading-char{\nfont-size:25px;\n}\n.av-special-heading.av-kpftwitg-e8f72bab4cf368a4c463b31487db3691 .special-heading-inner-border{\nborder-color:#ffffff;\n}\n.av-special-heading.av-kpftwitg-e8f72bab4cf368a4c463b31487db3691 .av-subheading{\nfont-size:15px;\n}\n<\/style>\n<div  class='av-special-heading av-kpftwitg-e8f72bab4cf368a4c463b31487db3691 av-special-heading-h1 custom-color-heading blockquote modern-quote modern-centered  avia-builder-el-2  avia-builder-el-no-sibling '><h1 class='av-special-heading-tag'  itemprop=\"headline\"  >Ressources<\/h1><div class=\"special-heading-border\"><div class=\"special-heading-inner-border\"><\/div><\/div><\/div><\/div><\/div><!--close column table wrapper. Autoclose: 1 -->\n\n<\/div><\/div><\/main><!-- close content main element --><\/div><\/div><\/div><div id='av_section_2'  class='avia-section av-evp71-6c555971d845e4a62261da2998375a83 main_color avia-section-default avia-no-border-styling  avia-builder-el-3  el_after_av_section  el_before_av_section  avia-bg-style-scroll container_wrap fullsize'  ><div class='container av-section-cont-open' ><div class='template-page content  av-content-full alpha units'><div class='post-entry post-entry-type-page post-entry-3613'><div class='entry-content-wrapper clearfix'>\n\n<style type=\"text\/css\" data-created_by=\"avia_inline_auto\" id=\"style-css-av-ads394-0fc040e1769a2673ae1b641f80e38cc7\">\n.flex_column.av-ads394-0fc040e1769a2673ae1b641f80e38cc7{\nborder-radius:0px 0px 0px 0px;\npadding:0px 0px 0px 0px;\n}\n<\/style>\n<div  class='flex_column av-ads394-0fc040e1769a2673ae1b641f80e38cc7 av_one_third  avia-builder-el-4  el_before_av_one_third  avia-builder-el-first  first flex_column_div av-zero-column-padding  '     ><section  class='av_textblock_section av-9yf32o-2af6bbae4223cae7bc451e7085fc885c '   itemscope=\"itemscope\" itemtype=\"https:\/\/schema.org\/CreativeWork\" ><div class='avia_textblock'  itemprop=\"text\" ><h3 style=\"text-align: center;\">Ressources gouvernementales<\/h3>\n<\/div><\/section><br \/>\n<section  class='av_textblock_section av-8zwitk-cfd0f8a0a9bb11fe271979037a78a806 '   itemscope=\"itemscope\" itemtype=\"https:\/\/schema.org\/CreativeWork\" ><div class='avia_textblock'  itemprop=\"text\" ><p style=\"text-align: center;\"><strong>Ontario Autism Program<\/strong><\/p>\n<p style=\"text-align: center;\"><a href=\"http:\/\/www.children.gov.on.ca\/htdocs\/\" target=\"_blank\" rel=\"noopener\">http:\/\/www.children.gov.on.ca\/htdocs\/<\/a><\/p>\n<p style=\"text-align: center;\"><a href=\"https:\/\/mailchi.mp\/8fdf536d9487\/connections-an-accessoap-newsletter-connexions-le-bulletin-daccsposa-17656132?e=080c1700ed\"><strong>Comment pr\u00e9senter une demande au Programme ontarien des services en mati\u00e8re d\u2019autisme<\/strong><\/a><\/p>\n<\/div><\/section><\/p><\/div>\n<style type=\"text\/css\" data-created_by=\"avia_inline_auto\" id=\"style-css-av-ads394-2b162405032a74c0646d677f53144bf6\">\n.flex_column.av-ads394-2b162405032a74c0646d677f53144bf6{\nborder-radius:0px 0px 0px 0px;\npadding:0px 0px 0px 0px;\n}\n<\/style>\n<div  class='flex_column av-ads394-2b162405032a74c0646d677f53144bf6 av_one_third  avia-builder-el-7  el_after_av_one_third  el_before_av_one_third  flex_column_div av-zero-column-padding  '     ><section  class='av_textblock_section av-9yf32o-2af6bbae4223cae7bc451e7085fc885c '   itemscope=\"itemscope\" itemtype=\"https:\/\/schema.org\/CreativeWork\" ><div class='avia_textblock'  itemprop=\"text\" ><h3 style=\"text-align: center;\">Information et soutien<\/h3>\n<p style=\"text-align: center;\"><strong>Autism Ontario<\/strong><br \/>\n<a href=\"https:\/\/www.autismontario.com\/\" target=\"_blank\" rel=\"noopener noreferrer\" data-saferedirecturl=\"https:\/\/www.google.com\/url?q=https:\/\/www.autismontario.com&#038;source=gmail&#038;ust=1559076637608000&#038;usg=AFQjCNHWDBbh92xC4Txq50p3aNZdg1wXqA\">https:\/\/www.autismontario.com<\/a><\/p>\n<p style=\"text-align: center;\"><strong>Autism Speaks Canada<\/strong><br \/>\n<a href=\"https:\/\/www.autismspeaks.ca\/\" target=\"_blank\" rel=\"noopener noreferrer\" data-saferedirecturl=\"https:\/\/www.google.com\/url?q=https:\/\/www.autismspeaks.ca&#038;source=gmail&#038;ust=1559076637608000&#038;usg=AFQjCNH3Yue-E4jQqawrlj4yYmqY7bfW2g\">https:\/\/www.autismspeaks.ca<\/a><\/p>\n<p style=\"text-align: center;\"><strong>Autism Speaks<\/strong><br \/>\n<a href=\"https:\/\/www.autismspeaks.org\/\" target=\"_blank\" rel=\"noopener noreferrer\" data-saferedirecturl=\"https:\/\/www.google.com\/url?q=https:\/\/www.autismspeaks.org&#038;source=gmail&#038;ust=1559076637608000&#038;usg=AFQjCNGXzP0QNRPqLP2Bz0mzsJeoYGt6WA\">https:\/\/www.autismspeaks.org<\/a><\/p>\n<p style=\"text-align: center;\"><strong>Ontario Autism Coalition<\/strong><br \/>\n<a href=\"https:\/\/ontarioautismcoalition.com\/\" target=\"_blank\" rel=\"noopener noreferrer\" data-saferedirecturl=\"https:\/\/www.google.com\/url?q=https:\/\/ontarioautismcoalition.com&#038;source=gmail&#038;ust=1559076637608000&#038;usg=AFQjCNGAOwwRuWehymEowQsrqKyRaVKSHQ\">https:\/\/ontarioautismcoalition.com<\/a><\/p>\n<\/div><\/section><\/div>\n<style type=\"text\/css\" data-created_by=\"avia_inline_auto\" id=\"style-css-av-ads394-2b162405032a74c0646d677f53144bf6\">\n.flex_column.av-ads394-2b162405032a74c0646d677f53144bf6{\nborder-radius:0px 0px 0px 0px;\npadding:0px 0px 0px 0px;\n}\n<\/style>\n<div  class='flex_column av-ads394-2b162405032a74c0646d677f53144bf6 av_one_third  avia-builder-el-9  el_after_av_one_third  el_before_av_one_third  flex_column_div av-zero-column-padding  '     ><section  class='av_textblock_section av-9yf32o-2af6bbae4223cae7bc451e7085fc885c '   itemscope=\"itemscope\" itemtype=\"https:\/\/schema.org\/CreativeWork\" ><div class='avia_textblock'  itemprop=\"text\" ><h3 style=\"text-align: center;\">Analyse appliqu\u00e9e du comportement<\/h3>\n<p style=\"text-align: center;\"><strong>Applied Behavior Analysis<\/strong><br \/>\n<a href=\"https:\/\/www.bacb.com\/about-behavior-analysis\/\" data-saferedirecturl=\"https:\/\/www.google.com\/url?q=https:\/\/www.bacb.com\/about-behavior-analysis\/&#038;source=gmail&#038;ust=1559076637608000&#038;usg=AFQjCNGwWk1eGp4wyz1j39v4caIIxxEwog\">https:\/\/www.bacb.com\/about-behavior-analysis\/<\/a><\/p>\n<p style=\"text-align: center;\"><strong>ONTABA<\/strong><br \/>\n<a href=\"https:\/\/www.ontaba.org\/\" data-saferedirecturl=\"https:\/\/www.google.com\/url?q=https:\/\/www.bacb.com\/about-behavior-analysis\/&#038;source=gmail&#038;ust=1559076637608000&#038;usg=AFQjCNGwWk1eGp4wyz1j39v4caIIxxEwog\">https:\/\/www.ontaba.org<\/a><\/p>\n<\/div><\/section><\/div>\n<style type=\"text\/css\" data-created_by=\"avia_inline_auto\" id=\"style-css-av-ads394-0fc040e1769a2673ae1b641f80e38cc7\">\n.flex_column.av-ads394-0fc040e1769a2673ae1b641f80e38cc7{\nborder-radius:0px 0px 0px 0px;\npadding:0px 0px 0px 0px;\n}\n<\/style>\n<div  class='flex_column av-ads394-0fc040e1769a2673ae1b641f80e38cc7 av_one_third  avia-builder-el-11  el_after_av_one_third  el_before_av_one_third  first flex_column_div av-zero-column-padding  column-top-margin'     ><section  class='av_textblock_section av-9yf32o-2af6bbae4223cae7bc451e7085fc885c '   itemscope=\"itemscope\" itemtype=\"https:\/\/schema.org\/CreativeWork\" ><div class='avia_textblock'  itemprop=\"text\" ><h3 style=\"text-align: center;\">Mod\u00e8le Early Start Denver (ESDM)<\/h3>\n<p style=\"text-align: center;\"><strong>ESDM<\/strong><\/p>\n<p style=\"text-align: center;\"><a href=\"https:\/\/health.ucdavis.edu\/mindinstitute\/research\/esdm\/index.html\" target=\"_blank\" rel=\"noopener noreferrer\">https:\/\/health.ucdavis.edu\/<\/a><\/p>\n<p style=\"text-align: center;\"><a href=\"https:\/\/health.ucdavis.edu\/publish\/news\/newsroom\/13551?fbclid=IwAR0MaTmyAPbmHn-UcnCwM1LYJjf-eq4WSQxFPhN5iQSI15eh9uKF0auKtEE\" target=\"_blank\" rel=\"noopener noreferrer\" data-saferedirecturl=\"https:\/\/www.google.com\/url?q=https:\/\/health.ucdavis.edu\/publish\/news\/newsroom\/13551?fbclid%3DIwAR0MaTmyAPbmHn-UcnCwM1LYJjf-eq4WSQxFPhN5iQSI15eh9uKF0auKtEE&#038;source=gmail&#038;ust=1559076637608000&#038;usg=AFQjCNF6um6OOwuEYjYomf7rFBqgpar_Wg\">https:\/\/health.ucdavis.edu\/publish\/news<\/a><\/p>\n<\/div><\/section><\/div>\n<style type=\"text\/css\" data-created_by=\"avia_inline_auto\" id=\"style-css-av-ads394-2b162405032a74c0646d677f53144bf6\">\n.flex_column.av-ads394-2b162405032a74c0646d677f53144bf6{\nborder-radius:0px 0px 0px 0px;\npadding:0px 0px 0px 0px;\n}\n<\/style>\n<div  class='flex_column av-ads394-2b162405032a74c0646d677f53144bf6 av_one_third  avia-builder-el-13  el_after_av_one_third  el_before_av_one_third  flex_column_div av-zero-column-padding  column-top-margin'     ><section  class='av_textblock_section av-9yf32o-2af6bbae4223cae7bc451e7085fc885c '   itemscope=\"itemscope\" itemtype=\"https:\/\/schema.org\/CreativeWork\" ><div class='avia_textblock'  itemprop=\"text\" ><h3 style=\"text-align: center;\">DIR\/Floortime<\/h3>\n<p style=\"text-align: center;\"><strong>The Play Project<\/strong><\/p>\n<p style=\"text-align: center;\"><a href=\"http:\/\/www.playproject.org\/\" target=\"_blank\" rel=\"noopener noreferrer\" data-saferedirecturl=\"https:\/\/www.google.com\/url?q=http:\/\/www.playproject.org&#038;source=gmail&#038;ust=1559076637608000&#038;usg=AFQjCNE8-9imK1znP1-Xqxf9Ym4gGXNSdw\">www.playproject.org<\/a><\/p>\n<p style=\"text-align: center;\"><a href=\"https:\/\/www.playproject.org\/wp-content\/uploads\/2019\/02\/PIM-Evidence.pdf\" target=\"_blank\" rel=\"noopener noreferrer\" data-saferedirecturl=\"https:\/\/www.google.com\/url?q=https:\/\/www.playproject.org\/wp-content\/uploads\/2019\/02\/PIM-Evidence.pdf&#038;source=gmail&#038;ust=1559076637608000&#038;usg=AFQjCNGeGyI3FCLObwsEV-PW37otaGwvCQ\">https:\/\/www.playproject.org\/wp-content\/uploads\/2019\/02\/PIM-Evidence.pdf<\/a><\/p>\n<p style=\"text-align: center;\"><strong>DIR\/Floortime<\/strong><\/p>\n<p style=\"text-align: center;\"><a href=\"https:\/\/profectum.org\/\" target=\"_blank\" rel=\"noopener noreferrer\" data-saferedirecturl=\"https:\/\/www.google.com\/url?q=http:\/\/www.playproject.org&#038;source=gmail&#038;ust=1559076637608000&#038;usg=AFQjCNE8-9imK1znP1-Xqxf9Ym4gGXNSdw\">https:\/\/profectum.org<\/a><\/p>\n<\/div><\/section><\/div>\n<style type=\"text\/css\" data-created_by=\"avia_inline_auto\" id=\"style-css-av-ads394-2b162405032a74c0646d677f53144bf6\">\n.flex_column.av-ads394-2b162405032a74c0646d677f53144bf6{\nborder-radius:0px 0px 0px 0px;\npadding:0px 0px 0px 0px;\n}\n<\/style>\n<div  class='flex_column av-ads394-2b162405032a74c0646d677f53144bf6 av_one_third  avia-builder-el-15  el_after_av_one_third  avia-builder-el-last  flex_column_div av-zero-column-padding  column-top-margin'     ><section  class='av_textblock_section av-9yf32o-2af6bbae4223cae7bc451e7085fc885c '   itemscope=\"itemscope\" itemtype=\"https:\/\/schema.org\/CreativeWork\" ><div class='avia_textblock'  itemprop=\"text\" ><h3 style=\"text-align: center;\">Communications am\u00e9lior\u00e9es et alternatives<\/h3>\n<p style=\"text-align: center;\"><strong>PECS<\/strong><\/p>\n<p style=\"text-align: center;\"><a href=\"http:\/\/www.pecs.com\" target=\"_blank\" rel=\"noopener\">http:\/\/www.pecs.com<\/a><\/p>\n<p style=\"text-align: center;\"><a href=\"http:\/\/www.chooseitmaker3.com\" target=\"_blank\" rel=\"noopener\">http:\/\/www.chooseitmaker3.com<\/a><\/p>\n<\/div><\/section><\/div><\/div><\/div><\/div><!-- close content main div --><\/div><\/div><div id='av_section_3'  class='avia-section av-29lj8t-a6a3bf30047291ad7be74a73c4b09cc9 main_color avia-section-default avia-no-border-styling  avia-builder-el-17  el_after_av_section  el_before_av_section  avia-bg-style-scroll container_wrap fullsize'  ><div class='container av-section-cont-open' ><div class='template-page content  av-content-full alpha units'><div class='post-entry post-entry-type-page post-entry-3613'><div class='entry-content-wrapper clearfix'>\n<section  class='av_textblock_section av-jxzc0kn0-645e9d083c6d2512b19b152db3fe8a42 '   itemscope=\"itemscope\" itemtype=\"https:\/\/schema.org\/CreativeWork\" ><div class='avia_textblock'  itemprop=\"text\" ><h2 style=\"text-align: center;\">RESSOURCES<\/h2>\n<p>Nous avons nou\u00e9 des relations de collaboration avec des psychologues cliniciens, des coachs parentaux et des consultants en \u00e9ducation, ce qui nous permet d&rsquo;orienter nos clients vers des \u00e9valuations et des interventions.<\/p>\n<\/div><\/section>\n\n<style type=\"text\/css\" data-created_by=\"avia_inline_auto\" id=\"style-css-av-67aoiy-54a3d0a7ced90b92d0d9b0e15d80df70\">\n.flex_column.av-67aoiy-54a3d0a7ced90b92d0d9b0e15d80df70{\nborder-radius:0px 0px 0px 0px;\npadding:0px 0px 0px 0px;\n}\n<\/style>\n<div  class='flex_column av-67aoiy-54a3d0a7ced90b92d0d9b0e15d80df70 av_one_third  avia-builder-el-19  el_after_av_textblock  el_before_av_one_third  first flex_column_div av-zero-column-padding  column-top-margin'     ><section  class='av_textblock_section av-jxzbn999-3b7005f90bddb5d898dac8b6fbf853a3 '   itemscope=\"itemscope\" itemtype=\"https:\/\/schema.org\/CreativeWork\" ><div class='avia_textblock'  itemprop=\"text\" ><h2 style=\"text-align: center;\">PSYCHOLOGIE<\/h2>\n<h3 style=\"text-align: center;\">Kyle Mueller, m.a., c. psych<\/h3>\n<p style=\"text-align: center;\"><span style=\"color: #00afef;\"><a style=\"color: #92278e;\" href=\"https:\/\/waystonepsychology.com\/\" target=\"_blank\" rel=\"noopener\">Waystone Psychology<\/a><\/span><br \/>\nmuellerpsychology@gmail.com<br \/>\n613-402-1698<br \/>\n1140 Morrison Dr. #218 Ottawa, ON, K2H 5B9<\/p>\n<\/div><\/section><\/div>\n<style type=\"text\/css\" data-created_by=\"avia_inline_auto\" id=\"style-css-av-3wczyi-e06af9363e291901726d2980a814570e\">\n.flex_column.av-3wczyi-e06af9363e291901726d2980a814570e{\nborder-radius:0px 0px 0px 0px;\npadding:0px 0px 0px 0px;\n}\n<\/style>\n<div  class='flex_column av-3wczyi-e06af9363e291901726d2980a814570e av_one_third  avia-builder-el-21  el_after_av_one_third  el_before_av_one_third  flex_column_div av-zero-column-padding  column-top-margin'     ><section  class='av_textblock_section av-jxzbuja2-2671395a9415f87763427e1243addb22 '   itemscope=\"itemscope\" itemtype=\"https:\/\/schema.org\/CreativeWork\" ><div class='avia_textblock'  itemprop=\"text\" ><h2 style=\"text-align: center;\">CONSULTANT EN \u00c9DUCATION<\/h2>\n<h3 style=\"text-align: center;\">Monika Ferenczy<\/h3>\n<p style=\"text-align: center;\"><span style=\"color: #00afef;\"><a style=\"color: #92278e;\" href=\"https:\/\/www.horizoned.ca\" target=\"_blank\" rel=\"noopener\">Horizon Educational Consulting<\/a><\/span><br \/>\nmonika@horizoned.ca<br \/>\n613-612-6842<br \/>\n92 Southpointe Ave. Ottawa, Ontario K2J 4T5<\/p>\n<\/div><\/section><\/div>\n<style type=\"text\/css\" data-created_by=\"avia_inline_auto\" id=\"style-css-av-bw31m-8a68f32d65f28b34e415ea6f7bb39b84\">\n.flex_column.av-bw31m-8a68f32d65f28b34e415ea6f7bb39b84{\nborder-radius:0px 0px 0px 0px;\npadding:0px 0px 0px 0px;\n}\n<\/style>\n<div  class='flex_column av-bw31m-8a68f32d65f28b34e415ea6f7bb39b84 av_one_third  avia-builder-el-23  el_after_av_one_third  avia-builder-el-last  flex_column_div av-zero-column-padding  column-top-margin'     ><section  class='av_textblock_section av-jxzbxf42-6358c057457f7626914a03d8d3c65344 '   itemscope=\"itemscope\" itemtype=\"https:\/\/schema.org\/CreativeWork\" ><div class='avia_textblock'  itemprop=\"text\" ><h2 style=\"text-align: center;\">COACHING PARENTAL<\/h2>\n<h3 style=\"text-align: center;\">Sylvia Corzato, CONSULTANTE PARENTALE ET COACH COMPORTEMENTAL<\/h3>\n<p style=\"text-align: center;\"><span style=\"color: #00afef;\"><a style=\"color: #92278e;\" href=\"https:\/\/www.successinsteps.ca\" target=\"_blank\" rel=\"noopener\">Success in Steps<\/a><\/span><br \/>\nsylviacorzato@successinsteps.ca<br \/>\n613-882-7688<\/p>\n<\/div><\/section><\/div>\n<\/p>\n<\/div><\/div><\/div><!-- close content main div --><\/div><\/div>\n<style type=\"text\/css\" data-created_by=\"avia_inline_auto\" id=\"style-css-av-85mtxm-539dda04152a25906668f19b66f9c0d5\">\n.avia-section.av-85mtxm-539dda04152a25906668f19b66f9c0d5{\nbackground-color:#ffffff;\nbackground-image:unset;\n}\n<\/style>\n<div id='av_section_4'  class='avia-section av-85mtxm-539dda04152a25906668f19b66f9c0d5 main_color avia-section-default avia-no-border-styling  avia-builder-el-25  el_after_av_section  el_before_av_layout_row  avia-bg-style-scroll container_wrap fullsize'  ><div class='container av-section-cont-open' ><div class='template-page content  av-content-full alpha units'><div class='post-entry post-entry-type-page post-entry-3613'><div class='entry-content-wrapper clearfix'>\n\n<style type=\"text\/css\" data-created_by=\"avia_inline_auto\" id=\"style-css-av-67hr5m-0a3477a946341b6bad8f1baf611edd43\">\n.flex_column.av-67hr5m-0a3477a946341b6bad8f1baf611edd43{\nborder-radius:0px 0px 0px 0px;\npadding:0px 0px 0px 0px;\n}\n<\/style>\n<div  class='flex_column av-67hr5m-0a3477a946341b6bad8f1baf611edd43 av_one_full  avia-builder-el-26  el_before_av_one_half  avia-builder-el-first  first flex_column_div av-zero-column-padding  '     ><section  class='av_textblock_section av-k9bwreas-127be9374cf1372a25f6bf2bfb9cfd36 '   itemscope=\"itemscope\" itemtype=\"https:\/\/schema.org\/CreativeWork\" ><div class='avia_textblock'  itemprop=\"text\" ><h2 style=\"text-align: center;\">ACT DANS L&rsquo;ACTUALIT\u00c9<\/h2>\n<\/div><\/section><\/div><div class='flex_column_table av-4h6b9m-3fdf88f3426efb0916769073831f927c sc-av_one_half av-equal-height-column-flextable'>\n<style type=\"text\/css\" data-created_by=\"avia_inline_auto\" id=\"style-css-av-4h6b9m-3fdf88f3426efb0916769073831f927c\">\n.flex_column.av-4h6b9m-3fdf88f3426efb0916769073831f927c{\nborder-radius:0px 0px 0px 0px;\npadding:0px 0px 0px 0px;\n}\n<\/style>\n<div  class='flex_column av-4h6b9m-3fdf88f3426efb0916769073831f927c av_one_half  avia-builder-el-28  el_after_av_one_full  el_before_av_one_half  first flex_column_table_cell av-equal-height-column av-align-middle av-zero-column-padding  column-top-margin'     ><section  class='av_textblock_section av-k9bx38r2-9bd228cbc9d307f05529c49813b5fee2 '   itemscope=\"itemscope\" itemtype=\"https:\/\/schema.org\/CreativeWork\" ><div class='avia_textblock'  itemprop=\"text\" ><p style=\"text-align: left;\"><span style=\"color: #00afef;\"><a style=\"color: #92278e;\" href=\"https:\/\/ottawa.ctvnews.ca\/video?clipId=1942639&#038;fbclid=IwAR29mMb0Bqq3U95yA2dGePD3DxJZr0zhD1IyfkGxLLhlM8bnQjr3-XGKZQk\" target=\"_blank\" rel=\"noopener\">CTV News Ottawa &#8211; Acc\u00e8s \u00e0 une th\u00e9rapie gratuite pour l&rsquo;autisme<\/a><\/span><\/p>\n<p style=\"text-align: left;\"><span style=\"color: #00afef;\"><a style=\"color: #92278e;\" href=\"https:\/\/ottawa.ctvnews.ca\/video?clipId=1940123&#038;fbclid=IwAR2ji90vzm3C96XlCWBK7NzK2k3H6otH9L0RJRJBpBBmNIauY12cyT1okyw\" target=\"_blank\" rel=\"noopener\">CTV News Ottawa &#8211; Des enfants atteints d&rsquo;autisme b\u00e9n\u00e9ficient d&rsquo;un traitement virtuel.<\/a><\/span><\/p>\n<p style=\"text-align: left;\"><span style=\"color: #00afef;\"><a style=\"color: #92278e;\" href=\"https:\/\/www.cbc.ca\/news\/canada\/ottawa\/grateful-ottawa-stories-covid19-inspiration-1.5516608?fbclid=IwAR2FRkV7KCvRhTT1G9gtJGIAL7FjIh6_NV18aXwGtZ5tO2lKoGcpAYNeNPI\" target=\"_blank\" rel=\"noopener\">CBC Ottawa One Good Turn &#8211; Le centre de th\u00e9rapie de l&rsquo;autisme offre des services gratuits.<\/a><\/span><\/p>\n<p style=\"text-align: left;\"><span style=\"color: #00afef;\"><a style=\"color: #92278e;\" href=\"https:\/\/www.cbc.ca\/listen\/live-radio\/1-92-all-in-a-day\/clip\/15769048-autism-therapy-centre-offering-free-virtual-workshops-services-to-families?fbclid=IwAR2VghFCf1BYsxxFLLROJpkwWxSAULHEUXtjv0zZWF62rqfiK-0-4NF11XEI\" target=\"_blank\" rel=\"noopener\">CBC Ottawa All In A Day &#8211; Le centre de th\u00e9rapie de l&rsquo;autisme offre des ateliers virtuels gratuits et des services aux familles.<\/a><\/span><\/p>\n<p style=\"text-align: left;\"><span style=\"color: #00afef;\"><a style=\"color: #92278e;\" href=\"https:\/\/www.1310news.com\/audio\/special-live-covid-19-coverage-with-sam-laprade\/?fbclid=IwAR35syDNAKXjjONXf0VdvpD0LA9uxZjcG4zNMGzet2PrWqabRIrxmTOD7xQ\" target=\"_blank\" rel=\"noopener\">1310 News &#8211; Couverture sp\u00e9ciale en direct de la Covid-19 le 22 avril 2020<\/a><\/span><\/p>\n<\/div><\/section><\/div><div class='av-flex-placeholder'><\/div>\n<style type=\"text\/css\" data-created_by=\"avia_inline_auto\" id=\"style-css-av-32t1hm-a0abf8d6eddca497a1ceb4d23e2b87bd\">\n.flex_column.av-32t1hm-a0abf8d6eddca497a1ceb4d23e2b87bd{\nborder-radius:0px 0px 0px 0px;\npadding:0px 0px 0px 0px;\n}\n<\/style>\n<div  class='flex_column av-32t1hm-a0abf8d6eddca497a1ceb4d23e2b87bd av_one_half  avia-builder-el-30  el_after_av_one_half  avia-builder-el-last  flex_column_table_cell av-equal-height-column av-align-middle av-zero-column-padding  column-top-margin'     ><style type=\"text\/css\" data-created_by=\"avia_inline_auto\" id=\"style-css-av-k9bxns0v-93f4fbc992fe3cb5221fd37a46819660\">\n.avia-image-container.av-k9bxns0v-93f4fbc992fe3cb5221fd37a46819660 img.avia_image{\nbox-shadow:none;\n}\n.avia-image-container.av-k9bxns0v-93f4fbc992fe3cb5221fd37a46819660 .av-image-caption-overlay-center{\ncolor:#ffffff;\n}\n<\/style>\n<div  class='avia-image-container av-k9bxns0v-93f4fbc992fe3cb5221fd37a46819660 av-styling- avia-align-center  avia-builder-el-31  avia-builder-el-no-sibling '   itemprop=\"image\" itemscope=\"itemscope\" itemtype=\"https:\/\/schema.org\/ImageObject\" ><div class=\"avia-image-container-inner\"><div class=\"avia-image-overlay-wrap\"><img decoding=\"async\" fetchpriority=\"high\" class='wp-image-3614 avia-img-lazy-loading-not-3614 avia_image ' src=\"https:\/\/actlearningcentre.ca\/wp-content\/uploads\/2020\/04\/ACT_News.png\" alt='' title='ACT_News'  height=\"400\" width=\"400\"  itemprop=\"thumbnailUrl\" srcset=\"https:\/\/actlearningcentre.ca\/wp-content\/uploads\/2020\/04\/ACT_News.png 400w, https:\/\/actlearningcentre.ca\/wp-content\/uploads\/2020\/04\/ACT_News-80x80.png 80w, https:\/\/actlearningcentre.ca\/wp-content\/uploads\/2020\/04\/ACT_News-300x300.png 300w, https:\/\/actlearningcentre.ca\/wp-content\/uploads\/2020\/04\/ACT_News-36x36.png 36w, https:\/\/actlearningcentre.ca\/wp-content\/uploads\/2020\/04\/ACT_News-180x180.png 180w, https:\/\/actlearningcentre.ca\/wp-content\/uploads\/2020\/04\/ACT_News-120x120.png 120w\" sizes=\"(max-width: 400px) 100vw, 400px\" \/><\/div><\/div><\/div><\/div><\/div><!--close column table wrapper. Autoclose: 1 -->\n\n<\/div><\/div><\/div><!-- close content main div --><\/div><\/div><div id='av-layout-grid-1'  class='av-layout-grid-container av-cv874-491212bb733731af15a92774fcab89f7 entry-content-wrapper footer_color av-flex-cells  avia-builder-el-32  el_after_av_section  avia-builder-el-last  grid-row-not-first  container_wrap fullsize'  >\n\n<style type=\"text\/css\" data-created_by=\"avia_inline_auto\" id=\"style-css-av-bdnyg-41d8a8d2878131b3b68cd9073c6137f9\">\n.flex_cell.av-bdnyg-41d8a8d2878131b3b68cd9073c6137f9{\nvertical-align:top;\nheight:10px;\nmin-height:10px;\n}\n.responsive #top #wrap_all .flex_cell.av-bdnyg-41d8a8d2878131b3b68cd9073c6137f9{\npadding:0px 0px 0px 0px !important;\n}\n<\/style>\n<div class='flex_cell av-bdnyg-41d8a8d2878131b3b68cd9073c6137f9 av-gridrow-cell av_one_full no_margin  avia-builder-el-33  avia-builder-el-no-sibling  av-zero-padding'  ><div class='flex_cell_inner'><\/div><\/div>\n<\/div>\n","protected":false},"excerpt":{"rendered":"","protected":false},"author":580,"featured_media":3615,"parent":0,"menu_order":5,"comment_status":"closed","ping_status":"closed","template":"","meta":{"footnotes":""},"aioseo_notices":[],"_links":{"self":[{"href":"https:\/\/actlearningcentre.ca\/fr\/wp-json\/wp\/v2\/pages\/3613"}],"collection":[{"href":"https:\/\/actlearningcentre.ca\/fr\/wp-json\/wp\/v2\/pages"}],"about":[{"href":"https:\/\/actlearningcentre.ca\/fr\/wp-json\/wp\/v2\/types\/page"}],"author":[{"embeddable":true,"href":"https:\/\/actlearningcentre.ca\/fr\/wp-json\/wp\/v2\/users\/580"}],"replies":[{"embeddable":true,"href":"https:\/\/actlearningcentre.ca\/fr\/wp-json\/wp\/v2\/comments?post=3613"}],"version-history":[{"count":2,"href":"https:\/\/actlearningcentre.ca\/fr\/wp-json\/wp\/v2\/pages\/3613\/revisions"}],"predecessor-version":[{"id":7313,"href":"https:\/\/actlearningcentre.ca\/fr\/wp-json\/wp\/v2\/pages\/3613\/revisions\/7313"}],"wp:featuredmedia":[{"embeddable":true,"href":"https:\/\/actlearningcentre.ca\/fr\/wp-json\/wp\/v2\/media\/3615"}],"wp:attachment":[{"href":"https:\/\/actlearningcentre.ca\/fr\/wp-json\/wp\/v2\/media?parent=3613"}],"curies":[{"name":"wp","href":"https:\/\/api.w.org\/{rel}","templated":true}]}}