{"id":3621,"date":"2017-12-05T19:03:09","date_gmt":"2017-12-05T19:03:09","guid":{"rendered":"http:\/\/actlearningcentre.ca\/career-opportunities\/"},"modified":"2024-05-13T18:41:10","modified_gmt":"2024-05-13T18:41:10","slug":"opportunites-de-carriere","status":"publish","type":"page","link":"https:\/\/actlearningcentre.ca\/fr\/opportunites-de-carriere\/","title":{"rendered":"Opportunit\u00e9s de carri\u00e8re"},"content":{"rendered":"\n<style type=\"text\/css\" data-created_by=\"avia_inline_auto\" id=\"style-css-av-7f8b8p-0eca0c822bf65550bb9d32c245c499f7\">\n.avia-section.av-7f8b8p-0eca0c822bf65550bb9d32c245c499f7{\nbackground-repeat:no-repeat;\nbackground-image:url(https:\/\/actlearningcentre.ca\/wp-content\/uploads\/2019\/07\/Careers_Page.jpg);\nbackground-position:0% 50%;\nbackground-attachment:scroll;\n}\n.avia-section.av-7f8b8p-0eca0c822bf65550bb9d32c245c499f7 .av-section-color-overlay{\nopacity:0.8;\nbackground-color:#92278e;\nbackground-image:url(https:\/\/actlearningcentre.ca\/wp-content\/themes\/enfold\/images\/background-images\/diagonal-thin-light.png);\nbackground-repeat:repeat;\n}\n<\/style>\n<div id='av_section_1'  class='avia-section av-7f8b8p-0eca0c822bf65550bb9d32c245c499f7 main_color avia-section-default avia-no-border-styling  avia-builder-el-0  el_before_av_section  avia-builder-el-first  avia-full-stretch avia-bg-style-scroll av-section-color-overlay-active av-minimum-height av-minimum-height-50 av-height-50  container_wrap fullsize'  data-section-bg-repeat='stretch' data-av_minimum_height_pc='50' data-av_min_height_opt='50'><div class=\"av-section-color-overlay-wrap\"><div class=\"av-section-color-overlay\"><\/div><div class='container av-section-cont-open' ><main  role=\"main\" itemprop=\"mainContentOfPage\"  class='template-page content  av-content-full alpha units'><div class='post-entry post-entry-type-page post-entry-3621'><div class='entry-content-wrapper clearfix'>\n<div class='flex_column_table av-78bomh-732f63f3bbf4f9f917f561a228bd756f sc-av_one_full av-equal-height-column-flextable'>\n<style type=\"text\/css\" data-created_by=\"avia_inline_auto\" id=\"style-css-av-78bomh-732f63f3bbf4f9f917f561a228bd756f\">\n.flex_column.av-78bomh-732f63f3bbf4f9f917f561a228bd756f{\nborder-radius:0px 0px 0px 0px;\npadding:0px 0px 0px 0px;\n}\n<\/style>\n<div  class='flex_column av-78bomh-732f63f3bbf4f9f917f561a228bd756f av_one_full  avia-builder-el-1  avia-builder-el-no-sibling  first flex_column_table_cell av-equal-height-column av-align-middle av-zero-column-padding  '     ><style type=\"text\/css\" data-created_by=\"avia_inline_auto\" id=\"style-css-av-kpfurto1-6b91a5ca800e5175f20310cd594711da\">\n#top .av-special-heading.av-kpfurto1-6b91a5ca800e5175f20310cd594711da{\npadding-bottom:10px;\ncolor:#ffffff;\n}\nbody .av-special-heading.av-kpfurto1-6b91a5ca800e5175f20310cd594711da .av-special-heading-tag .heading-char{\nfont-size:25px;\n}\n.av-special-heading.av-kpfurto1-6b91a5ca800e5175f20310cd594711da .special-heading-inner-border{\nborder-color:#ffffff;\n}\n.av-special-heading.av-kpfurto1-6b91a5ca800e5175f20310cd594711da .av-subheading{\nfont-size:15px;\n}\n<\/style>\n<div  class='av-special-heading av-kpfurto1-6b91a5ca800e5175f20310cd594711da av-special-heading-h1 custom-color-heading blockquote modern-quote modern-centered  avia-builder-el-2  avia-builder-el-no-sibling  av-linked-heading'><h1 class='av-special-heading-tag'  itemprop=\"headline\"  >Opportunit\u00e9s de carri\u00e8re \u00e0 ACT<\/h1><div class=\"special-heading-border\"><div class=\"special-heading-inner-border\"><\/div><\/div><\/div><\/div><\/div><!--close column table wrapper. Autoclose: 1 -->\n\n<\/div><\/div><\/main><!-- close content main element --><\/div><\/div><\/div>\n<style type=\"text\/css\" data-created_by=\"avia_inline_auto\" id=\"style-css-av-67zk15-ee65d62ef740ff138551b4cc4d35affd\">\n.avia-section.av-67zk15-ee65d62ef740ff138551b4cc4d35affd{\nbackground-color:#ffffff;\nbackground-image:unset;\n}\n<\/style>\n<div id='overview'  class='avia-section av-67zk15-ee65d62ef740ff138551b4cc4d35affd main_color avia-section-huge avia-no-shadow  avia-builder-el-3  el_after_av_section  el_before_av_section  avia-bg-style-scroll container_wrap fullsize'  ><div class='container av-section-cont-open' ><div class='template-page content  av-content-full alpha units'><div class='post-entry post-entry-type-page post-entry-3621'><div class='entry-content-wrapper clearfix'>\n\n<style type=\"text\/css\" data-created_by=\"avia_inline_auto\" id=\"style-css-av-6303dt-09797e6041e14871a72f0cca4b0d9ac5\">\n.flex_column.av-6303dt-09797e6041e14871a72f0cca4b0d9ac5{\nborder-radius:0px 0px 0px 0px;\npadding:0px 0px 0px 0px;\n}\n<\/style>\n<div  class='flex_column av-6303dt-09797e6041e14871a72f0cca4b0d9ac5 av_one_full  avia-builder-el-4  el_before_av_one_third  avia-builder-el-first  first flex_column_div av-zero-column-padding  '     ><section  class='av_textblock_section av-5tfju1-590770160a8af95979812a048c22de1c '   itemscope=\"itemscope\" itemtype=\"https:\/\/schema.org\/CreativeWork\" ><div class='avia_textblock'  itemprop=\"text\" ><h2>VUE D&rsquo;ENSEMBLE&#8230;<\/h2>\n<\/div><\/section><br \/>\n<section  class='av_textblock_section av-5pcu75-87f6362670b966e4b502feb82d886f0f '   itemscope=\"itemscope\" itemtype=\"https:\/\/schema.org\/CreativeWork\" ><div class='avia_textblock'  itemprop=\"text\" ><p>Nous acceptons des professionnels de haut niveau pour rejoindre notre \u00e9quipe dynamique. Les th\u00e9rapeutes de l&rsquo;ACT travaillent en partenariat avec les enfants\/jeunes et leurs familles afin d&rsquo;adapter un programme de th\u00e9rapie sp\u00e9cifique aux besoins de l&rsquo;enfant\/jeune ou du jeune adulte. Nous proposons des th\u00e9rapies au domicile de l&rsquo;individu ou dans notre clinique.<\/p>\n<\/div><\/section><\/p><\/div>\n<style type=\"text\/css\" data-created_by=\"avia_inline_auto\" id=\"style-css-av-5hr8nt-fc6432ab772bb67cc4420340d7625986\">\n.flex_column.av-5hr8nt-fc6432ab772bb67cc4420340d7625986{\nborder-radius:0px 0px 0px 0px;\npadding:0px 0px 0px 0px;\n}\n<\/style>\n<div  class='flex_column av-5hr8nt-fc6432ab772bb67cc4420340d7625986 av_one_third  avia-builder-el-7  el_after_av_one_full  el_before_av_two_third  first flex_column_div av-zero-column-padding  column-top-margin'     ><section  class='av_textblock_section av-5f2x2h-396cfd075339aef4f80d7c1f13049cd7 '   itemscope=\"itemscope\" itemtype=\"https:\/\/schema.org\/CreativeWork\" ><div class='avia_textblock'  itemprop=\"text\" ><blockquote>\n<p>L&rsquo;ACT s&rsquo;engage \u00e0 :<\/p>\n<ul>\n<li style=\"font-weight: 400;\">Une approche centr\u00e9e sur la famille<\/li>\n<li style=\"font-weight: 400;\">Une approche multidisciplinaire<\/li>\n<li style=\"font-weight: 400;\">L\u2019innovation, une vision et la s\u00e9curit\u00e9<\/li>\n<li style=\"font-weight: 400;\">L\u2019am\u00e9lioration de la qualit\u00e9<\/li>\n<\/ul>\n<\/blockquote>\n<\/div><\/section><\/div>\n<style type=\"text\/css\" data-created_by=\"avia_inline_auto\" id=\"style-css-av-iuix5-dcd2716f1668e5cbfb781d76a3bfc569\">\n.flex_column.av-iuix5-dcd2716f1668e5cbfb781d76a3bfc569{\nborder-radius:0px 0px 0px 0px;\npadding:0px 0px 0px 0px;\n}\n<\/style>\n<div  class='flex_column av-iuix5-dcd2716f1668e5cbfb781d76a3bfc569 av_two_third  avia-builder-el-9  el_after_av_one_third  avia-builder-el-last  flex_column_div av-zero-column-padding  column-top-margin'     ><section  class='av_textblock_section av-4zrssh-5fc7fa316383de54b723afbc27af0f92 '   itemscope=\"itemscope\" itemtype=\"https:\/\/schema.org\/CreativeWork\" ><div class='avia_textblock'  itemprop=\"text\" ><p>En plus d\u2019une r\u00e9mun\u00e9ration comp\u00e9titive, le perfectionnement professionnel, les ressources, le soutien par les pairs et la formation continue, nous croyons \u00e9galement qu&rsquo;il faut offrir des opportunit\u00e9s professionnelles flexibles qui concilient la vie professionnelle et la vie priv\u00e9e.<\/p>\n<p>Si vous souhaitez rejoindre notre \u00e9quipe, veuillez consulter nos offres d&#8217;emploi actuelles.<\/p>\n<\/div><\/section><\/div>\n\n<\/div><\/div><\/div><!-- close content main div --><\/div><\/div><div id='current'  class='avia-section av-4y9575-a516ff500568f287e022c01867fa469a main_color avia-section-huge avia-no-shadow  avia-builder-el-11  el_after_av_section  el_before_av_section  avia-bg-style-scroll container_wrap fullsize'  ><div class='container av-section-cont-open' ><div class='template-page content  av-content-full alpha units'><div class='post-entry post-entry-type-page post-entry-3621'><div class='entry-content-wrapper clearfix'>\n<section  class='av_textblock_section av-gz481-27fb8919b4ad366ca92438f87a20f3d9 '   itemscope=\"itemscope\" itemtype=\"https:\/\/schema.org\/CreativeWork\" ><div class='avia_textblock'  itemprop=\"text\" ><h2 style=\"text-align: center;\">POSSIBILIT\u00c9S ACTUELLES<\/h2>\n<\/div><\/section>\n\n<style type=\"text\/css\" data-created_by=\"avia_inline_auto\" id=\"style-css-av-4j47wx-1817cd1cb79cbf4ae93b7b452762b8a6\">\n#top .hr.av-4j47wx-1817cd1cb79cbf4ae93b7b452762b8a6{\nmargin-top:10px;\nmargin-bottom:30px;\n}\n.hr.av-4j47wx-1817cd1cb79cbf4ae93b7b452762b8a6 .hr-inner{\nwidth:50px;\nborder-color:#c4c4c4;\n}\n<\/style>\n<div  class='hr av-4j47wx-1817cd1cb79cbf4ae93b7b452762b8a6 hr-custom  avia-builder-el-13  el_after_av_textblock  el_before_av_one_full  hr-center hr-icon-no'><span class='hr-inner inner-border-av-border-thin'><span class=\"hr-inner-style\"><\/span><\/span><\/div>\n<div class='flex_column_table av-4dmky1-7eb34feda962041d15ae0423d015b75e sc-av_one_full av-equal-height-column-flextable'>\n<style type=\"text\/css\" data-created_by=\"avia_inline_auto\" id=\"style-css-av-4dmky1-7eb34feda962041d15ae0423d015b75e\">\n.flex_column.av-4dmky1-7eb34feda962041d15ae0423d015b75e{\nborder-radius:0px 0px 0px 0px;\npadding:0px 0px 0px 0px;\n}\n<\/style>\n<div  class='flex_column av-4dmky1-7eb34feda962041d15ae0423d015b75e av_one_full  avia-builder-el-14  el_after_av_hr  el_before_av_hr  first flex_column_table_cell av-equal-height-column av-align-top av-zero-column-padding  '     ><section  class='av_textblock_section av-478wfd-615bbccc5699ecedc90f3d320284f389 '   itemscope=\"itemscope\" itemtype=\"https:\/\/schema.org\/CreativeWork\" ><div class='avia_textblock'  itemprop=\"text\" ><p>CommuniCare Therapy se conforme \u00e0 la Loi sur l&rsquo;accessibilit\u00e9 des personnes handicap\u00e9es de l&rsquo;Ontario (LAPHO). Si vous avez des besoins particuliers pendant le processus de recrutement, veuillez en informer le personnel charg\u00e9 du recrutement.<\/p>\n<\/div><\/section><\/div><\/div><!--close column table wrapper. Autoclose: 1 -->\n<style type=\"text\/css\" data-created_by=\"avia_inline_auto\" id=\"style-css-av-40me09-857924421e8b8bc359d2fad4171b5480\">\n#top .hr.hr-invisible.av-40me09-857924421e8b8bc359d2fad4171b5480{\nheight:20px;\n}\n<\/style>\n<div  class='hr av-40me09-857924421e8b8bc359d2fad4171b5480 hr-invisible  avia-builder-el-16  el_after_av_one_full  el_before_av_one_third '><span class='hr-inner '><span class=\"hr-inner-style\"><\/span><\/span><\/div>\n<div class='flex_column_table av-3w3uxd-f6be0cba3057953fa69b46e3e2776149 sc-av_one_third av-equal-height-column-flextable'>\n<style type=\"text\/css\" data-created_by=\"avia_inline_auto\" id=\"style-css-av-3w3uxd-f6be0cba3057953fa69b46e3e2776149\">\n.flex_column.av-3w3uxd-f6be0cba3057953fa69b46e3e2776149{\nborder-radius:0px 0px 0px 0px;\npadding:0px 0px 0px 0px;\n}\n<\/style>\n<div  class='flex_column av-3w3uxd-f6be0cba3057953fa69b46e3e2776149 av_one_third  avia-builder-el-17  el_after_av_hr  el_before_av_one_third  first flex_column_table_cell av-equal-height-column av-align-top av-zero-column-padding  '     ><style type=\"text\/css\" data-created_by=\"avia_inline_auto\" id=\"style-css-av-of1a9-a8d3df0017d46f041b0068364763592d\">\n#top .avia-icon-list-container.av-of1a9-a8d3df0017d46f041b0068364763592d .iconlist_icon{\ncolor:#8ec63f;\nbackground-color:#fafafa;\nborder:1px solid #8ec63f;\n}\n#top #wrap_all .avia-icon-list-container.av-of1a9-a8d3df0017d46f041b0068364763592d .av_iconlist_title{\nfont-size:18px;\ncolor:#4f4f4f;\n}\n<\/style>\n<div  class='avia-icon-list-container av-of1a9-a8d3df0017d46f041b0068364763592d  avia-builder-el-18  avia-builder-el-no-sibling '><ul class='avia-icon-list avia_animate_when_almost_visible avia-icon-list-left av-iconlist-big av-of1a9-a8d3df0017d46f041b0068364763592d avia-iconlist-animate'>\n<li><a href='http:\/\/actlearningcentre.ca\/career-opportunities\/careers-speech-language-pathologists\/' title=' Orthophonistes' target=\"_blank\" rel=\"noopener noreferrer\" class='iconlist_icon av-7i37t-2a3a470234b954d7017e4507c550e338 avia-font-entypo-fontello'><span class='iconlist-char' aria-hidden='true' data-av_icon='\ue875' data-av_iconfont='entypo-fontello'><\/span><\/a><article class=\"article-icon-entry av-iconlist-empty\"  itemscope=\"itemscope\" itemtype=\"https:\/\/schema.org\/CreativeWork\" ><div class=\"iconlist_content_wrap\"><header class=\"entry-content-header\"><h4 class='av_iconlist_title iconlist_title  av_inherit_color'  itemprop=\"headline\" ><a href='http:\/\/actlearningcentre.ca\/career-opportunities\/careers-speech-language-pathologists\/' title=' Orthophonistes' target=\"_blank\" rel=\"noopener noreferrer\"> Orthophonistes<\/a><\/h4><\/header><div class='iconlist_content '  itemprop=\"text\" ><\/div><\/div><footer class=\"entry-footer\"><\/footer><\/article><div class=\"iconlist-timeline\"><\/div><\/li>\n<li><a href='http:\/\/actlearningcentre.ca\/career-opportunities\/careers-instructor-therapists\/' title=' Instructeurs th\u00e9rapeutes' target=\"_blank\" rel=\"noopener noreferrer\" class='iconlist_icon av-adecp-fafe8c9fa905efca0e91051097bfea43 avia-font-entypo-fontello'><span class='iconlist-char' aria-hidden='true' data-av_icon='\ue875' data-av_iconfont='entypo-fontello'><\/span><\/a><article class=\"article-icon-entry av-iconlist-empty\"  itemscope=\"itemscope\" itemtype=\"https:\/\/schema.org\/CreativeWork\" ><div class=\"iconlist_content_wrap\"><header class=\"entry-content-header\"><h4 class='av_iconlist_title iconlist_title  av_inherit_color'  itemprop=\"headline\" ><a href='http:\/\/actlearningcentre.ca\/career-opportunities\/careers-instructor-therapists\/' title=' Instructeurs th\u00e9rapeutes' target=\"_blank\" rel=\"noopener noreferrer\"> Instructeurs th\u00e9rapeutes<\/a><\/h4><\/header><div class='iconlist_content '  itemprop=\"text\" ><\/div><\/div><footer class=\"entry-footer\"><\/footer><\/article><div class=\"iconlist-timeline\"><\/div><\/li>\n<li><a href='http:\/\/actlearningcentre.ca\/career-opportunities\/careers-bcba-therapists\/' title=' Analystes du comportement' target=\"_blank\" rel=\"noopener noreferrer\" class='iconlist_icon av-9gy55-b3063cd8a08aeef09e7986d5d8b2487c avia-font-entypo-fontello'><span class='iconlist-char' aria-hidden='true' data-av_icon='\ue875' data-av_iconfont='entypo-fontello'><\/span><\/a><article class=\"article-icon-entry av-iconlist-empty\"  itemscope=\"itemscope\" itemtype=\"https:\/\/schema.org\/CreativeWork\" ><div class=\"iconlist_content_wrap\"><header class=\"entry-content-header\"><h4 class='av_iconlist_title iconlist_title  av_inherit_color'  itemprop=\"headline\" > Analystes du comportement<\/h4><\/header><div class='iconlist_content '  itemprop=\"text\" ><\/div><\/div><footer class=\"entry-footer\"><\/footer><\/article><div class=\"iconlist-timeline\"><\/div><\/li>\n<\/ul><\/div><\/div><div class='av-flex-placeholder'><\/div>\n<style type=\"text\/css\" data-created_by=\"avia_inline_auto\" id=\"style-css-av-30c9y1-98817ff722003f3d27e8769f8ee90105\">\n.flex_column.av-30c9y1-98817ff722003f3d27e8769f8ee90105{\nborder-radius:0px 0px 0px 0px;\npadding:0px 0px 0px 0px;\n}\n<\/style>\n<div  class='flex_column av-30c9y1-98817ff722003f3d27e8769f8ee90105 av_one_third  avia-builder-el-19  el_after_av_one_third  el_before_av_one_third  flex_column_table_cell av-equal-height-column av-align-top av-zero-column-padding  '     ><style type=\"text\/css\" data-created_by=\"avia_inline_auto\" id=\"style-css-av-of1a9-4f8dad0644bc6b615b2717ec4bbee117\">\n#top .avia-icon-list-container.av-of1a9-4f8dad0644bc6b615b2717ec4bbee117 .iconlist_icon{\ncolor:#8ec63f;\nbackground-color:#fafafa;\nborder:1px solid #8ec63f;\n}\n#top #wrap_all .avia-icon-list-container.av-of1a9-4f8dad0644bc6b615b2717ec4bbee117 .av_iconlist_title{\nfont-size:18px;\ncolor:#4f4f4f;\n}\n<\/style>\n<div  class='avia-icon-list-container av-of1a9-4f8dad0644bc6b615b2717ec4bbee117  avia-builder-el-20  avia-builder-el-no-sibling '><ul class='avia-icon-list avia_animate_when_almost_visible avia-icon-list-left av-iconlist-big av-of1a9-4f8dad0644bc6b615b2717ec4bbee117 avia-iconlist-animate'>\n<li><div class='iconlist_icon av-pm14h-d9a88220251706c5488750485ff38958 avia-font-entypo-fontello'><span class='iconlist-char' aria-hidden='true' data-av_icon='\ue875' data-av_iconfont='entypo-fontello'><\/span><\/div><article class=\"article-icon-entry av-iconlist-empty\"  itemscope=\"itemscope\" itemtype=\"https:\/\/schema.org\/CreativeWork\" ><div class=\"iconlist_content_wrap\"><header class=\"entry-content-header\"><h4 class='av_iconlist_title iconlist_title  av_inherit_color'  itemprop=\"headline\" >Ergoth\u00e9rapeutes<\/h4><\/header><div class='iconlist_content '  itemprop=\"text\" ><\/div><\/div><footer class=\"entry-footer\"><\/footer><\/article><div class=\"iconlist-timeline\"><\/div><\/li>\n<\/ul><\/div><\/div><div class='av-flex-placeholder'><\/div>\n<style type=\"text\/css\" data-created_by=\"avia_inline_auto\" id=\"style-css-av-26jbeh-da4f887deb117b7bc128f1e284b2cab2\">\n.flex_column.av-26jbeh-da4f887deb117b7bc128f1e284b2cab2{\nborder-radius:0px 0px 0px 0px;\npadding:0px 0px 0px 0px;\n}\n<\/style>\n<div  class='flex_column av-26jbeh-da4f887deb117b7bc128f1e284b2cab2 av_one_third  avia-builder-el-21  el_after_av_one_third  avia-builder-el-last  flex_column_table_cell av-equal-height-column av-align-top av-zero-column-padding  '     ><style type=\"text\/css\" data-created_by=\"avia_inline_auto\" id=\"style-css-av-of1a9-b1a8674bf04069264c113e984b3081a8\">\n#top .avia-icon-list-container.av-of1a9-b1a8674bf04069264c113e984b3081a8 .iconlist_icon{\ncolor:#ffffff;\nbackground-color:#c9c9c9;\nborder:1px solid #ffffff;\n}\n#top #wrap_all .avia-icon-list-container.av-of1a9-b1a8674bf04069264c113e984b3081a8 .av_iconlist_title{\nfont-size:18px;\ncolor:#00afef;\n}\n<\/style>\n<div  class='avia-icon-list-container av-of1a9-b1a8674bf04069264c113e984b3081a8  avia-builder-el-22  avia-builder-el-no-sibling '><ul class='avia-icon-list avia_animate_when_almost_visible avia-icon-list-left av-iconlist-big av-of1a9-b1a8674bf04069264c113e984b3081a8 avia-iconlist-animate'>\n<li><div class='iconlist_icon av-h2tpl-385b068e937f9e7f93109ee4998ea101 avia-font-entypo-fontello'><span class='iconlist-char' aria-hidden='true' data-av_icon='\ue875' data-av_iconfont='entypo-fontello'><\/span><\/div><article class=\"article-icon-entry av-iconlist-empty\"  itemscope=\"itemscope\" itemtype=\"https:\/\/schema.org\/CreativeWork\" ><div class=\"iconlist_content_wrap\"><header class=\"entry-content-header\"><h4 class='av_iconlist_title iconlist_title  av_inherit_color'  itemprop=\"headline\" >Volontaire<\/h4><\/header><div class='iconlist_content '  itemprop=\"text\" ><\/div><\/div><footer class=\"entry-footer\"><\/footer><\/article><div class=\"iconlist-timeline\"><\/div><\/li>\n<li><div class='iconlist_icon av-6oc89-e3f15f500c160800f162ae606edc3c0a avia-font-entypo-fontello'><span class='iconlist-char' aria-hidden='true' data-av_icon='\ue875' data-av_iconfont='entypo-fontello'><\/span><\/div><article class=\"article-icon-entry av-iconlist-empty\"  itemscope=\"itemscope\" itemtype=\"https:\/\/schema.org\/CreativeWork\" ><div class=\"iconlist_content_wrap\"><header class=\"entry-content-header\"><h4 class='av_iconlist_title iconlist_title  av_inherit_color'  itemprop=\"headline\" > Placement des \u00e9tudiants<\/h4><\/header><div class='iconlist_content '  itemprop=\"text\" ><\/div><\/div><footer class=\"entry-footer\"><\/footer><\/article><div class=\"iconlist-timeline\"><\/div><\/li>\n<\/ul><\/div><\/div><\/div><!--close column table wrapper. Autoclose: 1 --><\/div><\/div><\/div><!-- close content main div --><\/div><\/div>\n<style type=\"text\/css\" data-created_by=\"avia_inline_auto\" id=\"style-css-av-1cnrht-56dc6dcd247d04e6e977642721a4803c\">\n.avia-section.av-1cnrht-56dc6dcd247d04e6e977642721a4803c{\nbackground-color:#ffffff;\nbackground-image:unset;\n}\n<\/style>\n<div id='apply'  class='avia-section av-1cnrht-56dc6dcd247d04e6e977642721a4803c main_color avia-section-huge avia-no-shadow  avia-builder-el-23  el_after_av_section  el_before_av_layout_row  avia-bg-style-scroll container_wrap fullsize'  ><div class='container av-section-cont-open' ><div class='template-page content  av-content-full alpha units'><div class='post-entry post-entry-type-page post-entry-3621'><div class='entry-content-wrapper clearfix'>\n<section  class='av_textblock_section av-18c43l-d8c2d57f470bde0196161361feb40db7 '   itemscope=\"itemscope\" itemtype=\"https:\/\/schema.org\/CreativeWork\" ><div class='avia_textblock'  itemprop=\"text\" ><h2 style=\"text-align: center;\">POSTULEZ MAINTENANT<\/h2>\n<\/div><\/section>\n\n<style type=\"text\/css\" data-created_by=\"avia_inline_auto\" id=\"style-css-av-12s1xt-d374f296b198f588ab0761d8ace7cd73\">\n#top .hr.av-12s1xt-d374f296b198f588ab0761d8ace7cd73{\nmargin-top:10px;\nmargin-bottom:30px;\n}\n.hr.av-12s1xt-d374f296b198f588ab0761d8ace7cd73 .hr-inner{\nwidth:50px;\nborder-color:#c4c4c4;\n}\n<\/style>\n<div  class='hr av-12s1xt-d374f296b198f588ab0761d8ace7cd73 hr-custom  avia-builder-el-25  el_after_av_textblock  el_before_av_textblock  hr-center hr-icon-no'><span class='hr-inner inner-border-av-border-thin'><span class=\"hr-inner-style\"><\/span><\/span><\/div>\n<section  class='av_textblock_section av-zl7oh-661dc227840738da034b07e8d9d0cae7 '   itemscope=\"itemscope\" itemtype=\"https:\/\/schema.org\/CreativeWork\" ><div class='avia_textblock'  itemprop=\"text\" ><p style=\"text-align: center;\">Envoyez votre CV par courriel \u00e0\u00a0<a href=\"jboileau@actlearningcentre.ca\">jboileau@actlearningcentre.ca<\/a><\/p>\n<\/div><\/section>\n<\/p>\n<\/div><\/div><\/div><!-- close content main div --><\/div><\/div><div id='av-layout-grid-1'  class='av-layout-grid-container av-cism9-4ef456e5708f69bca72ff05efc8500d8 entry-content-wrapper footer_color av-flex-cells  avia-builder-el-27  el_after_av_section  avia-builder-el-last  grid-row-not-first  container_wrap fullsize'  >\n\n<style type=\"text\/css\" data-created_by=\"avia_inline_auto\" id=\"style-css-av-axoah-b6c9f6f91c74b74a533b241a00ff8d97\">\n.flex_cell.av-axoah-b6c9f6f91c74b74a533b241a00ff8d97{\nvertical-align:top;\nheight:10px;\nmin-height:10px;\n}\n.responsive #top #wrap_all .flex_cell.av-axoah-b6c9f6f91c74b74a533b241a00ff8d97{\npadding:0px 0px 0px 0px !important;\n}\n<\/style>\n<div class='flex_cell av-axoah-b6c9f6f91c74b74a533b241a00ff8d97 av-gridrow-cell av_one_full no_margin  avia-builder-el-28  avia-builder-el-no-sibling  av-zero-padding'  ><div class='flex_cell_inner'><\/div><\/div>\n<\/div>\n","protected":false},"excerpt":{"rendered":"","protected":false},"author":582,"featured_media":0,"parent":0,"menu_order":6,"comment_status":"closed","ping_status":"closed","template":"","meta":{"footnotes":""},"aioseo_notices":[],"_links":{"self":[{"href":"https:\/\/actlearningcentre.ca\/fr\/wp-json\/wp\/v2\/pages\/3621"}],"collection":[{"href":"https:\/\/actlearningcentre.ca\/fr\/wp-json\/wp\/v2\/pages"}],"about":[{"href":"https:\/\/actlearningcentre.ca\/fr\/wp-json\/wp\/v2\/types\/page"}],"author":[{"embeddable":true,"href":"https:\/\/actlearningcentre.ca\/fr\/wp-json\/wp\/v2\/users\/582"}],"replies":[{"embeddable":true,"href":"https:\/\/actlearningcentre.ca\/fr\/wp-json\/wp\/v2\/comments?post=3621"}],"version-history":[{"count":3,"href":"https:\/\/actlearningcentre.ca\/fr\/wp-json\/wp\/v2\/pages\/3621\/revisions"}],"predecessor-version":[{"id":6463,"href":"https:\/\/actlearningcentre.ca\/fr\/wp-json\/wp\/v2\/pages\/3621\/revisions\/6463"}],"wp:attachment":[{"href":"https:\/\/actlearningcentre.ca\/fr\/wp-json\/wp\/v2\/media?parent=3621"}],"curies":[{"name":"wp","href":"https:\/\/api.w.org\/{rel}","templated":true}]}}