{"id":3625,"date":"2019-05-15T15:46:52","date_gmt":"2019-05-15T15:46:52","guid":{"rendered":"http:\/\/actlearningcentre.ca\/funding-options\/"},"modified":"2025-10-21T12:22:26","modified_gmt":"2025-10-21T12:22:26","slug":"options-de-financement","status":"publish","type":"page","link":"https:\/\/actlearningcentre.ca\/fr\/options-de-financement\/","title":{"rendered":"Options de financement"},"content":{"rendered":"\n<style type=\"text\/css\" data-created_by=\"avia_inline_auto\" id=\"style-css-av-cgxz7g-4588f88e69785707589d3abb648aa952\">\n.avia-section.av-cgxz7g-4588f88e69785707589d3abb648aa952{\nbackground-repeat:no-repeat;\nbackground-image:url(https:\/\/actlearningcentre.ca\/wp-content\/uploads\/2019\/05\/Funding.jpg);\nbackground-position:50% 0%;\nbackground-attachment:scroll;\n}\n.avia-section.av-cgxz7g-4588f88e69785707589d3abb648aa952 .av-section-color-overlay{\nopacity:0.8;\nbackground-color:#00afef;\nbackground-image:url(https:\/\/actlearningcentre.ca\/wp-content\/themes\/enfold\/images\/background-images\/diagonal-thin-light.png);\nbackground-repeat:repeat;\n}\n<\/style>\n<div id='av_section_1'  class='avia-section av-cgxz7g-4588f88e69785707589d3abb648aa952 main_color avia-section-default avia-no-border-styling  avia-builder-el-0  el_before_av_section  avia-builder-el-first  avia-full-stretch avia-bg-style-scroll av-section-color-overlay-active av-minimum-height av-minimum-height-50 av-height-50  container_wrap fullsize'  data-section-bg-repeat='stretch' data-av_minimum_height_pc='50' data-av_min_height_opt='50'><div class=\"av-section-color-overlay-wrap\"><div class=\"av-section-color-overlay\"><\/div><div class='container av-section-cont-open' ><main  role=\"main\" itemprop=\"mainContentOfPage\"  class='template-page content  av-content-full alpha units'><div class='post-entry post-entry-type-page post-entry-3625'><div class='entry-content-wrapper clearfix'>\n<div class='flex_column_table av-cdoeyc-d18b482721ece32f9149a51836627026 sc-av_one_full av-equal-height-column-flextable'>\n<style type=\"text\/css\" data-created_by=\"avia_inline_auto\" id=\"style-css-av-cdoeyc-d18b482721ece32f9149a51836627026\">\n.flex_column.av-cdoeyc-d18b482721ece32f9149a51836627026{\nborder-radius:0px 0px 0px 0px;\npadding:0px 0px 0px 0px;\n}\n<\/style>\n<div  class='flex_column av-cdoeyc-d18b482721ece32f9149a51836627026 av_one_full  avia-builder-el-1  avia-builder-el-no-sibling  first flex_column_table_cell av-equal-height-column av-align-middle av-zero-column-padding  '     ><style type=\"text\/css\" data-created_by=\"avia_inline_auto\" id=\"style-css-av-kpfv6q2x-a135b218cc0da2feb3df1508a0e10a9a\">\n#top .av-special-heading.av-kpfv6q2x-a135b218cc0da2feb3df1508a0e10a9a{\npadding-bottom:10px;\ncolor:#ffffff;\n}\nbody .av-special-heading.av-kpfv6q2x-a135b218cc0da2feb3df1508a0e10a9a .av-special-heading-tag .heading-char{\nfont-size:25px;\n}\n.av-special-heading.av-kpfv6q2x-a135b218cc0da2feb3df1508a0e10a9a .special-heading-inner-border{\nborder-color:#ffffff;\n}\n.av-special-heading.av-kpfv6q2x-a135b218cc0da2feb3df1508a0e10a9a .av-subheading{\nfont-size:15px;\n}\n<\/style>\n<div  class='av-special-heading av-kpfv6q2x-a135b218cc0da2feb3df1508a0e10a9a av-special-heading-h1 custom-color-heading blockquote modern-quote modern-centered  avia-builder-el-2  avia-builder-el-no-sibling  av-linked-heading'><h1 class='av-special-heading-tag'  itemprop=\"headline\"  >Options de financement<\/h1><div class=\"special-heading-border\"><div class=\"special-heading-inner-border\"><\/div><\/div><\/div><\/div><\/div><!--close column table wrapper. Autoclose: 1 -->\n\n<\/div><\/div><\/main><!-- close content main element --><\/div><\/div><\/div>\n<style type=\"text\/css\" data-created_by=\"avia_inline_auto\" id=\"style-css-av-13ngb0-00abc1f4b8a73cfa4be33d9cd84d1407\">\n.avia-section.av-13ngb0-00abc1f4b8a73cfa4be33d9cd84d1407{\nbackground-color:#ffffff;\nbackground-image:unset;\n}\n<\/style>\n<div id='av_section_2'  class='avia-section av-13ngb0-00abc1f4b8a73cfa4be33d9cd84d1407 main_color avia-section-huge avia-no-shadow  avia-builder-el-3  el_after_av_section  el_before_av_layout_row  avia-bg-style-scroll container_wrap fullsize'  ><div class='container av-section-cont-open' ><div class='template-page content  av-content-full alpha units'><div class='post-entry post-entry-type-page post-entry-3625'><div class='entry-content-wrapper clearfix'>\n\n<style type=\"text\/css\" data-created_by=\"avia_inline_auto\" id=\"style-css-av-av5pjo-b617290cf5c1979bfc469045f73d56b9\">\n.flex_column.av-av5pjo-b617290cf5c1979bfc469045f73d56b9{\nborder-radius:0px 0px 0px 0px;\npadding:0px 0px 0px 0px;\n}\n<\/style>\n<div  class='flex_column av-av5pjo-b617290cf5c1979bfc469045f73d56b9 av_one_full  avia-builder-el-4  el_before_av_hr  avia-builder-el-first  first flex_column_div av-zero-column-padding  '     ><section  class='av_textblock_section av-amc01o-d72e71969593b47c86f9dc42a86420cd '   itemscope=\"itemscope\" itemtype=\"https:\/\/schema.org\/CreativeWork\" ><div class='avia_textblock'  itemprop=\"text\" ><p>ACT travaille en collaboration avec vous pour identifier les sources de financement \u00e0 votre disposition.<\/p>\n<\/div><\/section><\/div>\n<style type=\"text\/css\" data-created_by=\"avia_inline_auto\" id=\"style-css-av-jvpelqlh-74db836224b8d620cefa22411e1758cd\">\n#top .hr.hr-invisible.av-jvpelqlh-74db836224b8d620cefa22411e1758cd{\nheight:20px;\n}\n<\/style>\n<div  class='hr av-jvpelqlh-74db836224b8d620cefa22411e1758cd hr-invisible  avia-builder-el-6  el_after_av_one_full  el_before_av_toggle_container '><span class='hr-inner '><span class=\"hr-inner-style\"><\/span><\/span><\/div>\n\n<style type=\"text\/css\" data-created_by=\"avia_inline_auto\" id=\"style-css-av-jvpeed6w-7d78ce43cc354927d9d6fef2570ce6fc\">\n#top .togglecontainer.av-jvpeed6w-7d78ce43cc354927d9d6fef2570ce6fc p.toggler{\ncolor:#4a4a4a;\nbackground-color:#fafafa;\nborder-color:#8bc63e;\n}\n#top .togglecontainer.av-jvpeed6w-7d78ce43cc354927d9d6fef2570ce6fc p.toggler .toggle_icon{\ncolor:#4a4a4a;\nborder-color:#4a4a4a;\n}\n#top .togglecontainer.av-jvpeed6w-7d78ce43cc354927d9d6fef2570ce6fc .toggle_wrap .toggle_content{\ncolor:#4a4a4a;\nbackground-color:#fafafa;\nborder-color:#8bc63e;\n}\n<\/style>\n<div  class='togglecontainer av-jvpeed6w-7d78ce43cc354927d9d6fef2570ce6fc av-minimal-toggle  avia-builder-el-7  el_after_av_hr  avia-builder-el-last  toggle_close_all' >\n<section class='av_toggle_section av-8nds6h-32704f14978a82d7fc2b10364e3a48e9'  itemscope=\"itemscope\" itemtype=\"https:\/\/schema.org\/CreativeWork\" ><div role=\"tablist\" class=\"single_toggle\" data-tags=\"{Tout} \"  ><p data-fake-id='#toggle-id-1' class='toggler   av-inherit-font-color hasCustomColor av-inherit-border-color'  itemprop=\"headline\"  role='tab' tabindex='0' aria-controls='toggle-id-1'>Programme ontarien des services en mati\u00e8re d\u2019autisme<span class=\"toggle_icon\"><span class=\"vert_icon\"><\/span><span class=\"hor_icon\"><\/span><\/span><\/p><div id='toggle-id-1' class='toggle_wrap  '  ><div class='toggle_content invers-color av-inherit-font-color hasCustomColor av-inherit-border-color'  itemprop=\"text\" ><p><span style=\"color: #00afef;\"><a style=\"color: #00afef;\" href=\"http:\/\/www.children.gov.on.ca\/htdocs\/English\/specialneeds\/autism\/ontario-autism-program.aspx\" target=\"_blank\" rel=\"noopener\">Ontario Autism Program\u2019s website<\/a>.<\/span><\/p>\n<p>Tous les services fournis \u00e0 ACT sont admissibles \u00e0 un financement au moyen du Programme ontarien des services en mati\u00e8re d\u2019autisme. \u00c0 partir du 1er avril 2019, les familles qui sont sur la liste d&rsquo;attente du POSMA pourront recevoir un budget pour l&rsquo;enfance qui pourra \u00eatre utilis\u00e9 pour acheter des services tels que l&rsquo;orthophonie, l&rsquo;ergoth\u00e9rapie, la physioth\u00e9rapie et les services comportementaux (ABA) et plus encore.<\/p>\n<p>Pour obtenir de plus amples renseignements et un soutien sur la fa\u00e7on d&rsquo;acc\u00e9der aux services, vous pouvez communiquer avec le Programme de navigation des services d&rsquo;Autisme Ontario au 1-800-472-7789 ou visiter le site Web du <a href=\"http:\/\/www.children.gov.on.ca\/htdocs\/English\/specialneeds\/autism\/ontario-autism-program.aspx\" target=\"_blank\" rel=\"noopener\">Programme ontarien des services en mati\u00e8re d\u2019autisme<\/a>.<\/p>\n<p><strong>Informations pour les familles toujours sur la liste d&rsquo;attente du POSMA :<\/strong><\/p>\n<p>Les familles admissibles recevront une lettre du minist\u00e8re des Services sociaux, Communautaires et de l&rsquo;Enfance lorsqu&rsquo;il sera temps pour elles de demander le budget pour l&rsquo;enfance. Veuillez noter que les familles doivent r\u00e9pondre \u00e0 cette lettre afin de s&rsquo;inscrire au budget pour l&rsquo;enfance et le minist\u00e8re distribuera les fonds en cons\u00e9quence. Si vous avez des questions sur ce processus, un membre de l&rsquo;\u00e9quipe ACT peut vous aider.<\/p>\n<p><strong>Informations destin\u00e9es aux familles qui b\u00e9n\u00e9ficient actuellement d&rsquo;un financement au titre des anciennes directives du POSMA :<\/strong><\/p>\n<p>Les familles qui ont actuellement un plan de comportement du POSMA continueront \u00e0 recevoir les services d\u00e9crits dans le plan jusqu&rsquo;\u00e0 la date de fin du budget. \u00c0 cette date, les familles peuvent demander une prolongation de six mois. Apr\u00e8s le dernier versement de 6 mois, elles passeront au budget pour l&rsquo;enfance.<\/p>\n<p><strong>Informations pour les familles qui ne sont pas sur la liste d&rsquo;attente du POSMA :<\/strong><\/p>\n<p>Si vous n&rsquo;\u00eates pas d\u00e9j\u00e0 sur la liste d&rsquo;attente du POSMA, vous pouvez contacter le Service central d&rsquo;accueil et d&rsquo;inscription pour inscrire votre enfant au programme.<\/p>\n<\/div><\/div><\/div><\/section>\n<section class='av_toggle_section av-7bglp5-a686f71d392fd037a2fc87f265d83ccf'  itemscope=\"itemscope\" itemtype=\"https:\/\/schema.org\/CreativeWork\" ><div role=\"tablist\" class=\"single_toggle\" data-tags=\"{Tout} \"  ><p data-fake-id='#toggle-id-2' class='toggler   av-inherit-font-color hasCustomColor av-inherit-border-color'  itemprop=\"headline\"  role='tab' tabindex='0' aria-controls='toggle-id-2'>Assurance de tiers<span class=\"toggle_icon\"><span class=\"vert_icon\"><\/span><span class=\"hor_icon\"><\/span><\/span><\/p><div id='toggle-id-2' class='toggle_wrap  '  ><div class='toggle_content invers-color av-inherit-font-color hasCustomColor av-inherit-border-color'  itemprop=\"text\" ><p>Les services de r\u00e9adaptation sont souvent inclus dans les r\u00e9gimes d&rsquo;avantages sociaux. Si votre famille est inscrite au r\u00e9gime d&rsquo;avantages sociaux d&rsquo;un employeur, vous pourriez b\u00e9n\u00e9ficier d&rsquo;une couverture pour les services de psychologie, d&rsquo;orthophonie, de physioth\u00e9rapie et d&rsquo;ergoth\u00e9rapie. Si vous avez besoin d&rsquo;informations sur l&rsquo;acc\u00e8s aux services, veuillez contacter un membre de l&rsquo;\u00e9quipe d&rsquo;ACT pour obtenir de l&rsquo;aide.<\/p>\n<\/div><\/div><\/div><\/section>\n<section class='av_toggle_section av-571ehl-5e9448c284f3955766b6217a3e1e6b5c'  itemscope=\"itemscope\" itemtype=\"https:\/\/schema.org\/CreativeWork\" ><div role=\"tablist\" class=\"single_toggle\" data-tags=\"{Tout} \"  ><p data-fake-id='#toggle-id-3' class='toggler   av-inherit-font-color hasCustomColor av-inherit-border-color'  itemprop=\"headline\"  role='tab' tabindex='0' aria-controls='toggle-id-3'>Financement militaire<span class=\"toggle_icon\"><span class=\"vert_icon\"><\/span><span class=\"hor_icon\"><\/span><\/span><\/p><div id='toggle-id-3' class='toggle_wrap  '  ><div class='toggle_content invers-color av-inherit-font-color hasCustomColor av-inherit-border-color'  itemprop=\"text\" ><p>Pour les familles de militaires, il sera important que vous contactiez les Ressources humaines et\/ou votre commandant pour d\u00e9terminer les financements qui vous sont disponibles. Vous pouvez \u00e9galement faire une demande aupr\u00e8s du <a href=\"https:\/\/www.cfmws.com\/en\/SupportOurTroops\/SOTfunds\/Pages\/default.aspx\" target=\"_blank\" rel=\"noopener\">fonds \u00ab Appuyons nos troupes \u00bb<\/a>.<\/p>\n<p>Pour toute question concernant le financement militaire, vous pouvez contacter le <a href=\"CAFconnection.ca\/NCR\" target=\"_blank\" rel=\"noopener\">Centre de ressources pour les familles des militaires &#8211; R\u00e9gion de la capitale nationale<\/a> \u00e0 l&rsquo;adresse suivante : specialneeds@mfrc-ncr.ca, par t\u00e9l\u00e9phone au 613-998-7438, ou par t\u00e9l\u00e9copieur au 613-998-9585.<\/p>\n<\/div><\/div><\/div><\/section>\n<section class='av_toggle_section av-3qfbrd-91cc95f2ffa109596ea9ba0ef3421ec1'  itemscope=\"itemscope\" itemtype=\"https:\/\/schema.org\/CreativeWork\" ><div role=\"tablist\" class=\"single_toggle\" data-tags=\"{Tout} \"  ><p data-fake-id='#toggle-id-4' class='toggler   av-inherit-font-color hasCustomColor av-inherit-border-color'  itemprop=\"headline\"  role='tab' tabindex='0' aria-controls='toggle-id-4'>Organismes de bienfaisance<span class=\"toggle_icon\"><span class=\"vert_icon\"><\/span><span class=\"hor_icon\"><\/span><\/span><\/p><div id='toggle-id-4' class='toggle_wrap  '  ><div class='toggle_content invers-color av-inherit-font-color hasCustomColor av-inherit-border-color'  itemprop=\"text\" ><p>Certaines organisations ont des fondations qui fournissent des fonds pour les enfants ayant des besoins sp\u00e9ciaux.<\/p>\n<p><span style=\"color: #00afef;\"><a style=\"color: #00afef;\" href=\"http:\/\/www.easterseals.org\/services\/direct-financial-assistance\/\" target=\"_blank\" rel=\"noopener\">Timbres de P\u00e2ques.<\/a>.<\/span><br \/>\n<span style=\"color: #00afef;\"><a style=\"color: #00afef;\" href=\"https:\/\/jenash.org\" target=\"_blank\" rel=\"noopener\">Jennifer Ashleigh Children&rsquo;s Charity.<\/a>.<\/span><\/p>\n<\/div><\/div><\/div><\/section>\n<section class='av_toggle_section av-2xj5rt-c5038748771243a51d642ced4d3f6a42'  itemscope=\"itemscope\" itemtype=\"https:\/\/schema.org\/CreativeWork\" ><div role=\"tablist\" class=\"single_toggle\" data-tags=\"{Tout} \"  ><p data-fake-id='#toggle-id-5' class='toggler   av-inherit-font-color hasCustomColor av-inherit-border-color'  itemprop=\"headline\"  role='tab' tabindex='0' aria-controls='toggle-id-5'>Cr\u00e9dits d\u2019imp\u00f4t<span class=\"toggle_icon\"><span class=\"vert_icon\"><\/span><span class=\"hor_icon\"><\/span><\/span><\/p><div id='toggle-id-5' class='toggle_wrap  '  ><div class='toggle_content invers-color av-inherit-font-color hasCustomColor av-inherit-border-color'  itemprop=\"text\" ><p>Le gouvernement du Canada offre des programmes d&rsquo;aide financi\u00e8re f\u00e9d\u00e9ral et provinciaux aux familles qui s&rsquo;occupent d&rsquo;un enfant handicap\u00e9 de moins de 18 ans.<\/p>\n<p><strong>Programmes du gouvernement f\u00e9d\u00e9ral<\/strong><\/p>\n<p><span style=\"color: #00afef;\"><a style=\"color: #00afef;\" href=\"https:\/\/disabilitycreditcanada.com\/guide\/child-disability-tax-credit-guide\/\" target=\"_blank\" rel=\"noopener\">Cr\u00e9dit d&rsquo;imp\u00f4t pour enfant handicap\u00e9.<\/a>.<\/span><br \/>\n<span style=\"color: #00afef;\"><a style=\"color: #00afef;\" href=\"https:\/\/www.canada.ca\/en\/revenue-agency\/services\/child-family-benefits.html\" target=\"_blank\" rel=\"noopener\">La prestation canadienne pour enfants.<\/a>.<\/span><\/p>\n<p><strong>Programmes des gouvernements provinciaux<\/strong><\/p>\n<p>Vous trouverez de plus amples informations sur les programmes suivants sur le site Web du <a href=\"http:\/\/www.children.gov.on.ca\/htdocs\/English\/financialhelp\/index.aspx\" target=\"_blank\" rel=\"noopener\">minist\u00e8re de l&rsquo;Enfance, des Services communautaires et des Services sociaux.<\/a><\/p>\n<ul>\n<li>Programme d&rsquo;appareils et accessoires fonctionnels (APD)<\/li>\n<li>Assistance aux enfants souffrant de handicaps graves (ACSD)<\/li>\n<li>Soutien aux personnes handicap\u00e9es de l&rsquo;Ontario<\/li>\n<li>Services sp\u00e9ciaux \u00e0 domicile (SSAH)<\/li>\n<li>Programme ontarien des services en mati\u00e8re d\u2019autisme<\/li>\n<\/ul>\n<\/div><\/div><\/div><\/section>\n<\/div>\n<\/div><\/div><\/div><!-- close content main div --><\/div><\/div><div id='av-layout-grid-1'  class='av-layout-grid-container av-fwat8-c2a4234f1537884f8971ef1eb73637cd entry-content-wrapper footer_color av-flex-cells  avia-builder-el-8  el_after_av_section  avia-builder-el-last  grid-row-not-first  container_wrap fullsize'  >\n\n<style type=\"text\/css\" data-created_by=\"avia_inline_auto\" id=\"style-css-av-aa9nw-1b6d4cf97a2732fb34be1be627f0ce09\">\n.flex_cell.av-aa9nw-1b6d4cf97a2732fb34be1be627f0ce09{\nvertical-align:top;\nheight:10px;\nmin-height:10px;\n}\n.responsive #top #wrap_all .flex_cell.av-aa9nw-1b6d4cf97a2732fb34be1be627f0ce09{\npadding:0px 0px 0px 0px !important;\n}\n<\/style>\n<div class='flex_cell av-aa9nw-1b6d4cf97a2732fb34be1be627f0ce09 av-gridrow-cell av_one_full no_margin  avia-builder-el-9  avia-builder-el-no-sibling  av-zero-padding'  ><div class='flex_cell_inner'><\/div><\/div>\n<\/div><\/p>\n","protected":false},"excerpt":{"rendered":"","protected":false},"author":582,"featured_media":0,"parent":0,"menu_order":2,"comment_status":"closed","ping_status":"closed","template":"","meta":{"footnotes":""},"aioseo_notices":[],"_links":{"self":[{"href":"https:\/\/actlearningcentre.ca\/fr\/wp-json\/wp\/v2\/pages\/3625"}],"collection":[{"href":"https:\/\/actlearningcentre.ca\/fr\/wp-json\/wp\/v2\/pages"}],"about":[{"href":"https:\/\/actlearningcentre.ca\/fr\/wp-json\/wp\/v2\/types\/page"}],"author":[{"embeddable":true,"href":"https:\/\/actlearningcentre.ca\/fr\/wp-json\/wp\/v2\/users\/582"}],"replies":[{"embeddable":true,"href":"https:\/\/actlearningcentre.ca\/fr\/wp-json\/wp\/v2\/comments?post=3625"}],"version-history":[{"count":2,"href":"https:\/\/actlearningcentre.ca\/fr\/wp-json\/wp\/v2\/pages\/3625\/revisions"}],"predecessor-version":[{"id":7787,"href":"https:\/\/actlearningcentre.ca\/fr\/wp-json\/wp\/v2\/pages\/3625\/revisions\/7787"}],"wp:attachment":[{"href":"https:\/\/actlearningcentre.ca\/fr\/wp-json\/wp\/v2\/media?parent=3625"}],"curies":[{"name":"wp","href":"https:\/\/api.w.org\/{rel}","templated":true}]}}