{"id":3632,"date":"2017-12-13T14:37:21","date_gmt":"2017-12-13T14:37:21","guid":{"rendered":"http:\/\/actlearningcentre.ca\/contact-us\/"},"modified":"2024-11-07T19:17:09","modified_gmt":"2024-11-07T19:17:09","slug":"contact-us","status":"publish","type":"page","link":"https:\/\/actlearningcentre.ca\/fr\/contact-us\/","title":{"rendered":"Contactez-nous"},"content":{"rendered":"\n<style type=\"text\/css\" data-created_by=\"avia_inline_auto\" id=\"style-css-av-2n3aqi-983e847948183bb2d314443367da39c5\">\n.avia-section.av-2n3aqi-983e847948183bb2d314443367da39c5{\nbackground-repeat:no-repeat;\nbackground-image:url(https:\/\/actlearningcentre.ca\/wp-content\/uploads\/2019\/05\/Contact.jpg);\nbackground-position:0% 50%;\nbackground-attachment:scroll;\n}\n.avia-section.av-2n3aqi-983e847948183bb2d314443367da39c5 .av-section-color-overlay{\nopacity:0.8;\nbackground-color:#00afef;\nbackground-image:url(https:\/\/actlearningcentre.ca\/wp-content\/themes\/enfold\/images\/background-images\/diagonal-thin-light.png);\nbackground-repeat:repeat;\n}\n<\/style>\n<div id='av_section_1'  class='avia-section av-2n3aqi-983e847948183bb2d314443367da39c5 main_color avia-section-default avia-no-border-styling  avia-builder-el-0  el_before_av_section  avia-builder-el-first  avia-full-stretch avia-bg-style-scroll av-section-color-overlay-active av-minimum-height av-minimum-height-50 av-height-50  container_wrap fullsize'  data-section-bg-repeat='stretch' data-av_minimum_height_pc='50' data-av_min_height_opt='50'><div class=\"av-section-color-overlay-wrap\"><div class=\"av-section-color-overlay\"><\/div><div class='container av-section-cont-open' ><main  role=\"main\" itemprop=\"mainContentOfPage\"  class='template-page content  av-content-full alpha units'><div class='post-entry post-entry-type-page post-entry-3632'><div class='entry-content-wrapper clearfix'>\n<div class='flex_column_table av-2c2o6q-78c6f0ef4a58a1204039b7ff99276e1b sc-av_one_full av-equal-height-column-flextable'>\n<style type=\"text\/css\" data-created_by=\"avia_inline_auto\" id=\"style-css-av-2c2o6q-78c6f0ef4a58a1204039b7ff99276e1b\">\n.flex_column.av-2c2o6q-78c6f0ef4a58a1204039b7ff99276e1b{\nborder-radius:0px 0px 0px 0px;\npadding:0px 0px 0px 0px;\n}\n<\/style>\n<div  class='flex_column av-2c2o6q-78c6f0ef4a58a1204039b7ff99276e1b av_one_full  avia-builder-el-1  avia-builder-el-no-sibling  first flex_column_table_cell av-equal-height-column av-align-middle av-zero-column-padding  '     ><style type=\"text\/css\" data-created_by=\"avia_inline_auto\" id=\"style-css-av-kpfy4fzg-3bca9ac4b32abc61c3960a02e5684e2b\">\n#top .av-special-heading.av-kpfy4fzg-3bca9ac4b32abc61c3960a02e5684e2b{\npadding-bottom:10px;\ncolor:#ffffff;\n}\nbody .av-special-heading.av-kpfy4fzg-3bca9ac4b32abc61c3960a02e5684e2b .av-special-heading-tag .heading-char{\nfont-size:25px;\n}\n.av-special-heading.av-kpfy4fzg-3bca9ac4b32abc61c3960a02e5684e2b .special-heading-inner-border{\nborder-color:#ffffff;\n}\n.av-special-heading.av-kpfy4fzg-3bca9ac4b32abc61c3960a02e5684e2b .av-subheading{\nfont-size:15px;\n}\n<\/style>\n<div  class='av-special-heading av-kpfy4fzg-3bca9ac4b32abc61c3960a02e5684e2b av-special-heading-h1 custom-color-heading blockquote modern-quote modern-centered  avia-builder-el-2  avia-builder-el-no-sibling  av-linked-heading'><h1 class='av-special-heading-tag'  itemprop=\"headline\"  >Contactez-nous<\/h1><div class=\"special-heading-border\"><div class=\"special-heading-inner-border\"><\/div><\/div><\/div><\/div><\/div><!--close column table wrapper. Autoclose: 1 -->\n\n<\/div><\/div><\/main><!-- close content main element --><\/div><\/div><\/div>\n<style type=\"text\/css\" data-created_by=\"avia_inline_auto\" id=\"style-css-av-2553ma-83ce76909e7da9aaad7276acc63812ee\">\n.avia-section.av-2553ma-83ce76909e7da9aaad7276acc63812ee{\nbackground-color:#ffffff;\nbackground-image:unset;\n}\n<\/style>\n<div id='story-and-values'  class='avia-section av-2553ma-83ce76909e7da9aaad7276acc63812ee main_color avia-section-huge avia-no-shadow  avia-builder-el-3  el_after_av_section  avia-builder-el-last  avia-bg-style-scroll container_wrap fullsize'  ><div class='container av-section-cont-open' ><div class='template-page content  av-content-full alpha units'><div class='post-entry post-entry-type-page post-entry-3632'><div class='entry-content-wrapper clearfix'>\n\n<style type=\"text\/css\" data-created_by=\"avia_inline_auto\" id=\"style-css-av-714yq-d93bbd0eeae66b86dd04ec9584f7bec3\">\n.flex_column.av-714yq-d93bbd0eeae66b86dd04ec9584f7bec3{\nborder-radius:0px 0px 0px 0px;\npadding:0px 0px 0px 0px;\n}\n<\/style>\n<div  class='flex_column av-714yq-d93bbd0eeae66b86dd04ec9584f7bec3 av_one_third  avia-builder-el-4  el_before_av_two_third  avia-builder-el-first  first flex_column_div av-zero-column-padding  '     ><section  class='av_textblock_section av-1p4xc2-805090da072cbc887edf91a5b157f0a5 '   itemscope=\"itemscope\" itemtype=\"https:\/\/schema.org\/CreativeWork\" ><div class='avia_textblock'  itemprop=\"text\" ><h2>PRENDRE CONTACT&#8230;<\/h2>\n<\/div><\/section><br \/>\n<section  class='av_textblock_section av-1khvg2-36d993de8cfc1a22aed480f3ae351f92 '   itemscope=\"itemscope\" itemtype=\"https:\/\/schema.org\/CreativeWork\" ><div class='avia_textblock'  itemprop=\"text\" ><p>Si vous \u00eates int\u00e9ress\u00e9 par nos services, veuillez nous contacter afin que nous puissions organiser une premi\u00e8re consultation gratuite. En raison d&rsquo;un volume croissant de demandes, veuillez accorder \u00e0 notre \u00e9quipe jusqu&rsquo;\u00e0 48 heures pour r\u00e9pondre aux formulaires en ligne.<\/p>\n<\/div><\/section><br \/>\n\n<style type=\"text\/css\" data-created_by=\"avia_inline_auto\" id=\"style-css-av-1fwpgi-762741fd3157dc39c71a6f1ecac46741\">\n#top .hr.hr-invisible.av-1fwpgi-762741fd3157dc39c71a6f1ecac46741{\nheight:20px;\n}\n<\/style>\n<div  class='hr av-1fwpgi-762741fd3157dc39c71a6f1ecac46741 hr-invisible  avia-builder-el-7  el_after_av_textblock  el_before_av_textblock '><span class='hr-inner '><span class=\"hr-inner-style\"><\/span><\/span><\/div><br \/>\n<section  class='av_textblock_section av-1atu4i-e7bb2dcf9c75a0f7ea0c91a7fab78968 '   itemscope=\"itemscope\" itemtype=\"https:\/\/schema.org\/CreativeWork\" ><div class='avia_textblock'  itemprop=\"text\" ><p><strong>T\u00e9l\u00e9phone :<\/strong><br \/>\n<a href=\"tel:3438872287\">343-887-2287<\/a><\/p>\n<p><strong>Addresse:<\/strong><\/p>\n<\/div><\/section><br \/>\n<div  class='avia-button-wrap av-lbkw08mz-deb2b209008f2ec2ad196d01fa9c7c9e-wrap avia-button-left  avia-builder-el-9  el_after_av_textblock  el_before_av_hr '><a href='https:\/\/www.google.com\/maps\/place\/106+Colonnade+Rd,+Nepean,+ON+K2E+7L6\/data=!4m2!3m1!1s0x4cce07cb313654fb:0x44b976262cffe837?sa=X&ved=1t:242&ictx=111' class='avia-button av-lbkw08mz-deb2b209008f2ec2ad196d01fa9c7c9e av-link-btn avia-icon_select-no avia-size-small avia-position-left avia-color-theme-color' target=\"_blank\" rel=\"noopener noreferrer\"><span class='avia_iconbox_title' >106 Colonnade Rd. Ottawa ON<\/span><\/a><\/div><br \/>\n\n<style type=\"text\/css\" data-created_by=\"avia_inline_auto\" id=\"style-css-av-3wot1s-a1e0c490182d9d50027b48357a657a69\">\n#top .hr.hr-invisible.av-3wot1s-a1e0c490182d9d50027b48357a657a69{\nheight:15px;\n}\n<\/style>\n<div  class='hr av-3wot1s-a1e0c490182d9d50027b48357a657a69 hr-invisible  avia-builder-el-10  el_after_av_button  el_before_av_button '><span class='hr-inner '><span class=\"hr-inner-style\"><\/span><\/span><\/div><br \/>\n<div  class='avia-button-wrap av-lbkw0zj0-cd86d950322d6f03ef8f5aa27563fe4f-wrap avia-button-left  avia-builder-el-11  el_after_av_hr  el_before_av_hr '><a href='https:\/\/www.google.com\/maps\/place\/2713+Lancaster+Rd,+Ottawa,+ON+K1B+5R6\/@45.3979802,-75.6100802,17z\/data=!3m1!4b1!4m5!3m4!1s0x4cce0f1db82475c1:0x1b54309fda5dc385!8m2!3d45.3979765!4d-75.6078915' class='avia-button av-lbkw0zj0-cd86d950322d6f03ef8f5aa27563fe4f av-link-btn avia-icon_select-no avia-size-small avia-position-left avia-color-theme-color' target=\"_blank\" rel=\"noopener noreferrer\"><span class='avia_iconbox_title' >2713 Lancaster Rd. Ottawa, ON<\/span><\/a><\/div><br \/>\n\n<style type=\"text\/css\" data-created_by=\"avia_inline_auto\" id=\"style-css-av-lbkw33uj-5afb5c4888d0c9204e99a0e6c44be433\">\n#top .hr.hr-invisible.av-lbkw33uj-5afb5c4888d0c9204e99a0e6c44be433{\nheight:15px;\n}\n<\/style>\n<div  class='hr av-lbkw33uj-5afb5c4888d0c9204e99a0e6c44be433 hr-invisible  avia-builder-el-12  el_after_av_button  el_before_av_button '><span class='hr-inner '><span class=\"hr-inner-style\"><\/span><\/span><\/div><br \/>\n<div  class='avia-button-wrap av-lbkw29vg-de4214f5a29e74d13e758d1aabe85b70-wrap avia-button-left  avia-builder-el-13  el_after_av_hr  el_before_av_hr '><a href='https:\/\/www.google.com\/maps\/place\/50+Frank+Nighbor+Pl,+Kanata,+ON+K2V+1B9\/data=!4m2!3m1!1s0x4cd2007e5fda18a1:0xc36710b3436d106d?sa=X&ved=2ahUKEwiKgrvXpPT7AhXxhYkEHZVzACoQ8gF6BAgIEAE' class='avia-button av-lbkw29vg-de4214f5a29e74d13e758d1aabe85b70 av-link-btn avia-icon_select-no avia-size-small avia-position-left avia-color-theme-color' target=\"_blank\" rel=\"noopener noreferrer\"><span class='avia_iconbox_title' >50 Frank Nighbor Pl, Kanata, ON<\/span><\/a><\/div><br \/>\n\n<style type=\"text\/css\" data-created_by=\"avia_inline_auto\" id=\"style-css-av-aldnk-e52950b95594d42cd33db877c43dafd9\">\n#top .hr.hr-invisible.av-aldnk-e52950b95594d42cd33db877c43dafd9{\nheight:15px;\n}\n<\/style>\n<div  class='hr av-aldnk-e52950b95594d42cd33db877c43dafd9 hr-invisible  avia-builder-el-14  el_after_av_button  el_before_av_button '><span class='hr-inner '><span class=\"hr-inner-style\"><\/span><\/span><\/div><br \/>\n<div  class='avia-button-wrap av-lbkw2u79-cb30348ddb0bad7d3bdef79818a39e1b-wrap avia-button-left  avia-builder-el-15  el_after_av_hr  el_before_av_hr '><a href='https:\/\/www.google.com\/maps\/place\/100+Crandall+St,+Pembroke,+ON+K8A+7X2\/@45.831686,-77.1521071,17z\/data=!3m1!4b1!4m5!3m4!1s0x4cd136f449e2f63b:0x6255de47cc47ebce!8m2!3d45.8316823!4d-77.1499184' class='avia-button av-lbkw2u79-cb30348ddb0bad7d3bdef79818a39e1b av-link-btn avia-icon_select-no avia-size-small avia-position-left avia-color-theme-color' target=\"_blank\" rel=\"noopener noreferrer\"><span class='avia_iconbox_title' >100 Crandall St. Pembroke, ON<\/span><\/a><\/div><br \/>\n\n<style type=\"text\/css\" data-created_by=\"avia_inline_auto\" id=\"style-css-av-2woids-4a785097dd98cb4327b30c486be34b71\">\n#top .hr.hr-invisible.av-2woids-4a785097dd98cb4327b30c486be34b71{\nheight:15px;\n}\n<\/style>\n<div  class='hr av-2woids-4a785097dd98cb4327b30c486be34b71 hr-invisible  avia-builder-el-16  el_after_av_button  el_before_av_button '><span class='hr-inner '><span class=\"hr-inner-style\"><\/span><\/span><\/div><br \/>\n<div  class='avia-button-wrap av-lj4hsh7m-dd101c91983db429e29cbb0cdfb3683f-wrap avia-button-left  avia-builder-el-17  el_after_av_hr  avia-builder-el-last '><a href='https:\/\/www.google.com\/maps\/place\/31+Hyperion+Ct+%23202,+Kingston,+ON+K7K+7G3\/@44.2549981,-76.5201084,15z\/data=!4m5!3m4!1s0x4cd2abede7227329:0x2f429e4ebca1738!8m2!3d44.2587473!4d-76.5085972?entry=ttu' class='avia-button av-lj4hsh7m-dd101c91983db429e29cbb0cdfb3683f av-link-btn avia-icon_select-no avia-size-small avia-position-left avia-color-theme-color' target=\"_blank\" rel=\"noopener noreferrer\"><span class='avia_iconbox_title' >31 Hyperion Ct., Kingston, ON<\/span><\/a><\/div><\/p><\/div>\n<style type=\"text\/css\" data-created_by=\"avia_inline_auto\" id=\"style-css-av-155dsa-56119bfdda14603d9f4aceb4c88062a6\">\n.flex_column.av-155dsa-56119bfdda14603d9f4aceb4c88062a6{\nborder-radius:0px 0px 0px 0px;\npadding:0px 0px 0px 0px;\n}\n<\/style>\n<div  class='flex_column av-155dsa-56119bfdda14603d9f4aceb4c88062a6 av_two_third  avia-builder-el-18  el_after_av_one_third  avia-builder-el-last  flex_column_div av-zero-column-padding  '     ><section  class='av_textblock_section av-wwm56-00bf1b3a708f7a2a80116e4c7dd43686 '   itemscope=\"itemscope\" itemtype=\"https:\/\/schema.org\/CreativeWork\" ><div class='avia_textblock'  itemprop=\"text\" ><script type=\"text\/javascript\">\n\/* <![CDATA[ *\/\nvar gform;gform||(document.addEventListener(\"gform_main_scripts_loaded\",function(){gform.scriptsLoaded=!0}),document.addEventListener(\"gform\/theme\/scripts_loaded\",function(){gform.themeScriptsLoaded=!0}),window.addEventListener(\"DOMContentLoaded\",function(){gform.domLoaded=!0}),gform={domLoaded:!1,scriptsLoaded:!1,themeScriptsLoaded:!1,isFormEditor:()=>\"function\"==typeof InitializeEditor,callIfLoaded:function(o){return!(!gform.domLoaded||!gform.scriptsLoaded||!gform.themeScriptsLoaded&&!gform.isFormEditor()||(gform.isFormEditor()&&console.warn(\"The use of gform.initializeOnLoaded() is deprecated in the form editor context and will be removed in Gravity Forms 3.1.\"),o(),0))},initializeOnLoaded:function(o){gform.callIfLoaded(o)||(document.addEventListener(\"gform_main_scripts_loaded\",()=>{gform.scriptsLoaded=!0,gform.callIfLoaded(o)}),document.addEventListener(\"gform\/theme\/scripts_loaded\",()=>{gform.themeScriptsLoaded=!0,gform.callIfLoaded(o)}),window.addEventListener(\"DOMContentLoaded\",()=>{gform.domLoaded=!0,gform.callIfLoaded(o)}))},hooks:{action:{},filter:{}},addAction:function(o,r,e,t){gform.addHook(\"action\",o,r,e,t)},addFilter:function(o,r,e,t){gform.addHook(\"filter\",o,r,e,t)},doAction:function(o){gform.doHook(\"action\",o,arguments)},applyFilters:function(o){return gform.doHook(\"filter\",o,arguments)},removeAction:function(o,r){gform.removeHook(\"action\",o,r)},removeFilter:function(o,r,e){gform.removeHook(\"filter\",o,r,e)},addHook:function(o,r,e,t,n){null==gform.hooks[o][r]&&(gform.hooks[o][r]=[]);var d=gform.hooks[o][r];null==n&&(n=r+\"_\"+d.length),gform.hooks[o][r].push({tag:n,callable:e,priority:t=null==t?10:t})},doHook:function(r,o,e){var t;if(e=Array.prototype.slice.call(e,1),null!=gform.hooks[r][o]&&((o=gform.hooks[r][o]).sort(function(o,r){return o.priority-r.priority}),o.forEach(function(o){\"function\"!=typeof(t=o.callable)&&(t=window[t]),\"action\"==r?t.apply(null,e):e[0]=t.apply(null,e)})),\"filter\"==r)return e[0]},removeHook:function(o,r,t,n){var e;null!=gform.hooks[o][r]&&(e=(e=gform.hooks[o][r]).filter(function(o,r,e){return!!(null!=n&&n!=o.tag||null!=t&&t!=o.priority)}),gform.hooks[o][r]=e)}});\n\/* ]]> *\/\n<\/script>\n\n                <div class='gf_browser_gecko gform_wrapper gform_legacy_markup_wrapper gform-theme--no-framework' data-form-theme='legacy' data-form-index='0' id='gform_wrapper_10' ><form method='post' enctype='multipart\/form-data'  id='gform_10'  action='\/fr\/wp-json\/wp\/v2\/pages\/3632' data-formid='10' novalidate>\n                        <div class='gform-body gform_body'><ul id='gform_fields_10' class='gform_fields top_label form_sublabel_below description_below validation_below'><li id=\"field_10_5\" class=\"gfield gfield--type-text gfield_contains_required field_sublabel_below gfield--no-description field_description_below field_validation_below gfield_visibility_visible\"  ><label class='gfield_label gform-field-label' for='input_10_5'>Nom<span class=\"gfield_required\"><span class=\"gfield_required gfield_required_asterisk\">*<\/span><\/span><\/label><div class='ginput_container ginput_container_text'><input name='input_5' id='input_10_5' type='text' value='' class='medium'     aria-required=\"true\" aria-invalid=\"false\"   \/><\/div><\/li><li id=\"field_10_6\" class=\"gfield gfield--type-phone gf_left_half gfield_contains_required field_sublabel_below gfield--no-description field_description_below field_validation_below gfield_visibility_visible\"  ><label class='gfield_label gform-field-label' for='input_10_6'>T\u00e9l\u00e9phone<span class=\"gfield_required\"><span class=\"gfield_required gfield_required_asterisk\">*<\/span><\/span><\/label><div class='ginput_container ginput_container_phone'><input name='input_6' id='input_10_6' type='tel' value='' class='medium'   aria-required=\"true\" aria-invalid=\"false\"   \/><\/div><\/li><li id=\"field_10_2\" class=\"gfield gfield--type-email gf_right_half field_sublabel_below gfield--no-description field_description_below field_validation_below gfield_visibility_visible\"  ><label class='gfield_label gform-field-label' for='input_10_2'>Courriel<\/label><div class='ginput_container ginput_container_email'>\n                            <input name='input_2' id='input_10_2' type='email' value='' class='medium'     aria-invalid=\"false\"  \/>\n                        <\/div><\/li><li id=\"field_10_3\" class=\"gfield gfield--type-text gfield_contains_required field_sublabel_below gfield--no-description field_description_below field_validation_below gfield_visibility_visible\"  ><label class='gfield_label gform-field-label' for='input_10_3'>Sujet<span class=\"gfield_required\"><span class=\"gfield_required gfield_required_asterisk\">*<\/span><\/span><\/label><div class='ginput_container ginput_container_text'><input name='input_3' id='input_10_3' type='text' value='' class='medium'     aria-required=\"true\" aria-invalid=\"false\"   \/><\/div><\/li><li id=\"field_10_4\" class=\"gfield gfield--type-textarea gfield_contains_required field_sublabel_below gfield--no-description field_description_below field_validation_below gfield_visibility_visible\"  ><label class='gfield_label gform-field-label' for='input_10_4'>Message<span class=\"gfield_required\"><span class=\"gfield_required gfield_required_asterisk\">*<\/span><\/span><\/label><div class='ginput_container ginput_container_textarea'><textarea name='input_4' id='input_10_4' class='textarea medium'     aria-required=\"true\" aria-invalid=\"false\"   rows='10' cols='50'><\/textarea><\/div><\/li><li id=\"field_10_7\" class=\"gfield gfield--type-captcha field_sublabel_below gfield--no-description field_description_below field_validation_below gfield_visibility_visible\"  ><label class='gfield_label gform-field-label' for='input_10_7'>CAPTCHA<\/label><div id='input_10_7' class='ginput_container ginput_recaptcha' data-sitekey='6Ld07rgUAAAAAHHV0TYKTILD7FOsKSAaGtFn6-UG'  data-theme='light' data-tabindex='0'  data-badge=''><\/div><\/li><\/ul><\/div>\n        <div class='gform-footer gform_footer top_label'> <input type='submit' id='gform_submit_button_10' class='gform_button button' onclick='gform.submission.handleButtonClick(this);' data-submission-type='submit' value='Envoyer'  \/> \n            <input type='hidden' class='gform_hidden' name='gform_submission_method' data-js='gform_submission_method_10' value='postback' \/>\n            <input type='hidden' class='gform_hidden' name='gform_theme' data-js='gform_theme_10' id='gform_theme_10' value='legacy' \/>\n            <input type='hidden' class='gform_hidden' name='gform_style_settings' data-js='gform_style_settings_10' id='gform_style_settings_10' value='[]' \/>\n            <input type='hidden' class='gform_hidden' name='is_submit_10' value='1' \/>\n            <input type='hidden' class='gform_hidden' name='gform_submit' value='10' \/>\n            \n            <input type='hidden' class='gform_hidden' name='gform_currency' data-currency='CAD' value='hWHPZiOrIK8ha9LCUV+VqwB43CqAaLQTsNwBETh3oVafUAQ5NFJlVlfmh3ZEP\/Q5crO3W6s3jeEw2Y\/QeKF\/EWQ7GKSUviO8kivwkLSuydXxI0s=' \/>\n            <input type='hidden' class='gform_hidden' name='gform_unique_id' value='' \/>\n            <input type='hidden' class='gform_hidden' name='state_10' value='WyJbXSIsIjI0ODM2OWRhN2ViNDA5NjNjMmRiN2U3NmQ1MGQ3ODFlIl0=' \/>\n            <input type='hidden' autocomplete='off' class='gform_hidden' name='gform_target_page_number_10' id='gform_target_page_number_10' value='0' \/>\n            <input type='hidden' autocomplete='off' class='gform_hidden' name='gform_source_page_number_10' id='gform_source_page_number_10' value='1' \/>\n            <input type='hidden' name='gform_field_values' value='' \/>\n            \n        <\/div>\n                        <\/form>\n                        <\/div><script type=\"text\/javascript\">\n\/* <![CDATA[ *\/\n gform.initializeOnLoaded( function() {gformInitSpinner( 10, 'https:\/\/actlearningcentre.ca\/wp-content\/plugins\/gravityforms\/images\/spinner.svg', true );jQuery('#gform_ajax_frame_10').on('load',function(){var contents = jQuery(this).contents().find('*').html();var is_postback = contents.indexOf('GF_AJAX_POSTBACK') >= 0;if(!is_postback){return;}var form_content = jQuery(this).contents().find('#gform_wrapper_10');var is_confirmation = jQuery(this).contents().find('#gform_confirmation_wrapper_10').length > 0;var is_redirect = contents.indexOf('gformRedirect(){') >= 0;var is_form = form_content.length > 0 && ! is_redirect && ! is_confirmation;var mt = parseInt(jQuery('html').css('margin-top'), 10) + parseInt(jQuery('body').css('margin-top'), 10) + 100;if(is_form){jQuery('#gform_wrapper_10').html(form_content.html());if(form_content.hasClass('gform_validation_error')){jQuery('#gform_wrapper_10').addClass('gform_validation_error');} else {jQuery('#gform_wrapper_10').removeClass('gform_validation_error');}setTimeout( function() { \/* delay the scroll by 50 milliseconds to fix a bug in chrome *\/  }, 50 );if(window['gformInitDatepicker']) {gformInitDatepicker();}if(window['gformInitPriceFields']) {gformInitPriceFields();}var current_page = jQuery('#gform_source_page_number_10').val();gformInitSpinner( 10, 'https:\/\/actlearningcentre.ca\/wp-content\/plugins\/gravityforms\/images\/spinner.svg', true );jQuery(document).trigger('gform_page_loaded', [10, current_page]);window['gf_submitting_10'] = false;}else if(!is_redirect){var confirmation_content = jQuery(this).contents().find('.GF_AJAX_POSTBACK').html();if(!confirmation_content){confirmation_content = contents;}jQuery('#gform_wrapper_10').replaceWith(confirmation_content);jQuery(document).trigger('gform_confirmation_loaded', [10]);window['gf_submitting_10'] = false;wp.a11y.speak(jQuery('#gform_confirmation_message_10').text());}else{jQuery('#gform_10').append(contents);if(window['gformRedirect']) {gformRedirect();}}jQuery(document).trigger(\"gform_pre_post_render\", [{ formId: \"10\", currentPage: \"current_page\", abort: function() { this.preventDefault(); } }]);        if (event && event.defaultPrevented) {                return;        }        const gformWrapperDiv = document.getElementById( \"gform_wrapper_10\" );        if ( gformWrapperDiv ) {            const visibilitySpan = document.createElement( \"span\" );            visibilitySpan.id = \"gform_visibility_test_10\";            gformWrapperDiv.insertAdjacentElement( \"afterend\", visibilitySpan );        }        const visibilityTestDiv = document.getElementById( \"gform_visibility_test_10\" );        let postRenderFired = false;        function triggerPostRender() {            if ( postRenderFired ) {                return;            }            postRenderFired = true;            gform.core.triggerPostRenderEvents( 10, current_page );            if ( visibilityTestDiv ) {                visibilityTestDiv.parentNode.removeChild( visibilityTestDiv );            }        }        function debounce( func, wait, immediate ) {            var timeout;            return function() {                var context = this, args = arguments;                var later = function() {                    timeout = null;                    if ( !immediate ) func.apply( context, args );                };                var callNow = immediate && !timeout;                clearTimeout( timeout );                timeout = setTimeout( later, wait );                if ( callNow ) func.apply( context, args );            };        }        const debouncedTriggerPostRender = debounce( function() {            triggerPostRender();        }, 200 );        if ( visibilityTestDiv && visibilityTestDiv.offsetParent === null ) {            const observer = new MutationObserver( ( mutations ) => {                mutations.forEach( ( mutation ) => {                    if ( mutation.type === 'attributes' && visibilityTestDiv.offsetParent !== null ) {                        debouncedTriggerPostRender();                        observer.disconnect();                    }                });            });            observer.observe( document.body, {                attributes: true,                childList: false,                subtree: true,                attributeFilter: [ 'style', 'class' ],            });        } else {            triggerPostRender();        }    } );} ); \n\/* ]]> *\/\n<\/script>\n\n<\/div><\/section><\/div>\n","protected":false},"excerpt":{"rendered":"","protected":false},"author":582,"featured_media":3633,"parent":0,"menu_order":7,"comment_status":"closed","ping_status":"closed","template":"","meta":{"footnotes":""},"aioseo_notices":[],"_links":{"self":[{"href":"https:\/\/actlearningcentre.ca\/fr\/wp-json\/wp\/v2\/pages\/3632"}],"collection":[{"href":"https:\/\/actlearningcentre.ca\/fr\/wp-json\/wp\/v2\/pages"}],"about":[{"href":"https:\/\/actlearningcentre.ca\/fr\/wp-json\/wp\/v2\/types\/page"}],"author":[{"embeddable":true,"href":"https:\/\/actlearningcentre.ca\/fr\/wp-json\/wp\/v2\/users\/582"}],"replies":[{"embeddable":true,"href":"https:\/\/actlearningcentre.ca\/fr\/wp-json\/wp\/v2\/comments?post=3632"}],"version-history":[{"count":10,"href":"https:\/\/actlearningcentre.ca\/fr\/wp-json\/wp\/v2\/pages\/3632\/revisions"}],"predecessor-version":[{"id":7006,"href":"https:\/\/actlearningcentre.ca\/fr\/wp-json\/wp\/v2\/pages\/3632\/revisions\/7006"}],"wp:featuredmedia":[{"embeddable":true,"href":"https:\/\/actlearningcentre.ca\/fr\/wp-json\/wp\/v2\/media\/3633"}],"wp:attachment":[{"href":"https:\/\/actlearningcentre.ca\/fr\/wp-json\/wp\/v2\/media?parent=3632"}],"curies":[{"name":"wp","href":"https:\/\/api.w.org\/{rel}","templated":true}]}}