{"id":3673,"date":"2017-12-14T16:54:49","date_gmt":"2017-12-14T16:54:49","guid":{"rendered":"http:\/\/actlearningcentre.ca\/legal\/"},"modified":"2021-11-25T13:37:19","modified_gmt":"2021-11-25T13:37:19","slug":"legal","status":"publish","type":"page","link":"https:\/\/actlearningcentre.ca\/fr\/legal\/","title":{"rendered":"Legal"},"content":{"rendered":"\n<style type=\"text\/css\" data-created_by=\"avia_inline_auto\" id=\"style-css-av-1n338g-c144845b87cc49c6cd3cadd2387ddda4\">\n.avia-section.av-1n338g-c144845b87cc49c6cd3cadd2387ddda4 .av-section-color-overlay{\nopacity:0.8;\nbackground-color:#92278e;\nbackground-image:url(https:\/\/actlearningcentre.ca\/wp-content\/themes\/enfold\/images\/background-images\/diagonal-thin-light.png);\nbackground-repeat:repeat;\n}\n<\/style>\n<div id='av_section_1'  class='avia-section av-1n338g-c144845b87cc49c6cd3cadd2387ddda4 main_color avia-section-default avia-no-border-styling  avia-builder-el-0  el_before_av_textblock  avia-builder-el-first  avia-bg-style-scroll av-section-color-overlay-active av-minimum-height av-minimum-height-50 av-height-50  container_wrap fullsize'   data-av_minimum_height_pc='50' data-av_min_height_opt='50'><div class=\"av-section-color-overlay-wrap\"><div class=\"av-section-color-overlay\"><\/div><div class='container av-section-cont-open' ><main  role=\"main\" itemprop=\"mainContentOfPage\"  class='template-page content  av-content-full alpha units'><div class='post-entry post-entry-type-page post-entry-3673'><div class='entry-content-wrapper clearfix'>\n<div class='flex_column_table av-1cfruo-367c36f836a88d27b4c3c555655a7365 sc-av_one_full av-equal-height-column-flextable'>\n<style type=\"text\/css\" data-created_by=\"avia_inline_auto\" id=\"style-css-av-1cfruo-367c36f836a88d27b4c3c555655a7365\">\n.flex_column.av-1cfruo-367c36f836a88d27b4c3c555655a7365{\nborder-radius:0px 0px 0px 0px;\npadding:0px 0px 0px 0px;\n}\n<\/style>\n<div  class='flex_column av-1cfruo-367c36f836a88d27b4c3c555655a7365 av_one_full  avia-builder-el-1  avia-builder-el-no-sibling  first flex_column_table_cell av-equal-height-column av-align-middle av-zero-column-padding  '     ><style type=\"text\/css\" data-created_by=\"avia_inline_auto\" id=\"style-css-av-1apsdc-e30f46309ae042d19cc77d9dd40ee794\">\n#top .av-special-heading.av-1apsdc-e30f46309ae042d19cc77d9dd40ee794{\npadding-bottom:10px;\ncolor:#ffffff;\n}\nbody .av-special-heading.av-1apsdc-e30f46309ae042d19cc77d9dd40ee794 .av-special-heading-tag .heading-char{\nfont-size:25px;\n}\n.av-special-heading.av-1apsdc-e30f46309ae042d19cc77d9dd40ee794 .special-heading-inner-border{\nborder-color:#ffffff;\n}\n.av-special-heading.av-1apsdc-e30f46309ae042d19cc77d9dd40ee794 .av-subheading{\nfont-size:15px;\n}\n<\/style>\n<div  class='av-special-heading av-1apsdc-e30f46309ae042d19cc77d9dd40ee794 av-special-heading-h1 custom-color-heading blockquote modern-quote modern-centered  avia-builder-el-2  avia-builder-el-no-sibling '><h1 class='av-special-heading-tag'  itemprop=\"headline\"  >Mentions l\u00e9gales<\/h1><div class=\"special-heading-border\"><div class=\"special-heading-inner-border\"><\/div><\/div><\/div><\/div><\/div><!--close column table wrapper. Autoclose: 1 --><\/div><\/div><\/main><!-- close content main element --><\/div><\/div><\/div><div id='after_section_1'  class='main_color av_default_container_wrap container_wrap fullsize'  ><div class='container av-section-cont-open' ><div class='template-page content  av-content-full alpha units'><div class='post-entry post-entry-type-page post-entry-3673'><div class='entry-content-wrapper clearfix'><section  class='av_textblock_section av-jw89rgta-c1a2d5719c617443aea9e2828bca546f '   itemscope=\"itemscope\" itemtype=\"https:\/\/schema.org\/CreativeWork\" ><div class='avia_textblock'  itemprop=\"text\" ><p>Ce site Web a \u00e9t\u00e9 con\u00e7u pour fournir des informations g\u00e9n\u00e9rales sur le Centre d&rsquo;apprentissage ACT. Toute information contenue ou r\u00e9f\u00e9renc\u00e9e sur ce site Web ne peut servir que d&rsquo;introduction au Centre d&rsquo;apprentissage ACT et \u00e0 ses services. Pour toute information sp\u00e9cifique, veuillez contacter directement le Centre d&rsquo;apprentissage ACT.<\/p>\n<p>En acc\u00e9dant \u00e0 notre site, vous reconnaissez avoir lu, compris et accept\u00e9 d&rsquo;\u00eatre li\u00e9 par ces conditions g\u00e9n\u00e9rales. Vous utilisez ce site \u00e0 vos propres risques. Le Centre d&rsquo;apprentissage ACT n&rsquo;assume aucune responsabilit\u00e9 quant \u00e0 l&rsquo;exactitude des informations contenues sur notre site.<\/p>\n<p>Toutes les images et informations contenues dans ce site Web sont la propri\u00e9t\u00e9 du Centre d&rsquo;apprentissage ACT ou d&rsquo;un tiers. Dans la mesure du possible, toutes les images et informations de ce site Web sont prot\u00e9g\u00e9es par des droits d&rsquo;auteur, des brevets ou d&rsquo;autres droits de propri\u00e9t\u00e9 intellectuelle. Aucun de ces \u00e9l\u00e9ments ne peut \u00eatre copi\u00e9, reproduit, distribu\u00e9, republi\u00e9, affich\u00e9 ou transmis sous quelque forme que ce soit sans l&rsquo;autorisation \u00e9crite pr\u00e9alable du Centre d&rsquo;apprentissage ACT. Vous ne pouvez pas non plus, sans notre autorisation \u00e9crite pr\u00e9alable, cr\u00e9er un miroir de tout mat\u00e9riel contenu sur notre site Web ou sur tout autre serveur. Veuillez contacter le Webmestre pour obtenir cette autorisation.<\/p>\n<p>Ce site peut contenir des informations provenant de tiers et des liens vers d&rsquo;autres sites Internet. Dans la mesure du possible, selon le Centre d&rsquo;apprentissage ACT, ces informations sont marqu\u00e9es en cons\u00e9quence.<\/p>\n<\/div><\/section><\/p>\n","protected":false},"excerpt":{"rendered":"","protected":false},"author":582,"featured_media":0,"parent":0,"menu_order":20,"comment_status":"closed","ping_status":"closed","template":"","meta":{"footnotes":""},"aioseo_notices":[],"_links":{"self":[{"href":"https:\/\/actlearningcentre.ca\/fr\/wp-json\/wp\/v2\/pages\/3673"}],"collection":[{"href":"https:\/\/actlearningcentre.ca\/fr\/wp-json\/wp\/v2\/pages"}],"about":[{"href":"https:\/\/actlearningcentre.ca\/fr\/wp-json\/wp\/v2\/types\/page"}],"author":[{"embeddable":true,"href":"https:\/\/actlearningcentre.ca\/fr\/wp-json\/wp\/v2\/users\/582"}],"replies":[{"embeddable":true,"href":"https:\/\/actlearningcentre.ca\/fr\/wp-json\/wp\/v2\/comments?post=3673"}],"version-history":[{"count":2,"href":"https:\/\/actlearningcentre.ca\/fr\/wp-json\/wp\/v2\/pages\/3673\/revisions"}],"predecessor-version":[{"id":3925,"href":"https:\/\/actlearningcentre.ca\/fr\/wp-json\/wp\/v2\/pages\/3673\/revisions\/3925"}],"wp:attachment":[{"href":"https:\/\/actlearningcentre.ca\/fr\/wp-json\/wp\/v2\/media?parent=3673"}],"curies":[{"name":"wp","href":"https:\/\/api.w.org\/{rel}","templated":true}]}}