{"id":3742,"date":"2020-01-08T02:18:00","date_gmt":"2020-01-08T02:18:00","guid":{"rendered":"https:\/\/actlearningcentre.ca\/opportunites-de-carriere\/careers-speech-language-pathologists\/"},"modified":"2023-04-03T13:24:19","modified_gmt":"2023-04-03T13:24:19","slug":"careers-speech-language-pathologists","status":"publish","type":"page","link":"https:\/\/actlearningcentre.ca\/fr\/opportunites-de-carriere\/careers-speech-language-pathologists\/","title":{"rendered":"Les Orthophonistes"},"content":{"rendered":"<h1><strong>LES ORTHOPHONISTES<\/strong><\/h1>\n<p>Nous recherchons actuellement des <strong>orthophonistes qualifi\u00e9s <\/strong>int\u00e9ress\u00e9s par des postes \u00e0 <strong>temps plein et temps partiel\u00a0<\/strong>pour rejoindre notre \u00e9quipe dynamique et multidisciplinaire.<\/p>\n<p>Nous offrons :<\/p>\n<ul>\n<li>Une r\u00e9mun\u00e9ration comp\u00e9titive<\/li>\n<li>Le perfectionnement professionnel<\/li>\n<li>Possibilit\u00e9s de formation continue<\/li>\n<li>Ressources et soutien par les pairs<\/li>\n<li>Horaire flexible<\/li>\n<\/ul>\n<p>Qualifications :<\/p>\n<ul>\n<li>Titulaire d\u2019une ma\u00eetrise en sciences de l&rsquo;orthophonie.<\/li>\n<li>\u00catre en r\u00e8gle ou admissible \u00e0 l&rsquo;adh\u00e9sion \u00e0 l&rsquo;Ordre des audiologistes et des orthophonistes de l&rsquo;Ontario.<\/li>\n<li>Excellente communication verbale et \u00e9crite et comp\u00e9tences interpersonnelles<\/li>\n<li>Comp\u00e9tences linguistiques bilingues souhait\u00e9es<\/li>\n<li>Capacit\u00e9 \u00e9prouv\u00e9e \u00e0 travailler de mani\u00e8re ind\u00e9pendante et en tant que membre d&rsquo;une \u00e9quipe pluridisciplinaire.<\/li>\n<li>Solides comp\u00e9tences en mati\u00e8re de pens\u00e9e critique, de prise de d\u00e9cision et d&rsquo;analyse.<\/li>\n<li>Les candidats doivent \u00eatre titulaires d&rsquo;un permis de conduire valide et avoir acc\u00e8s \u00e0 un v\u00e9hicule.<\/li>\n<\/ul>\n<p>Pour postuler, veuillez envoyer votre CV par courriel \u00e0 <a href=\"mailto:hr@actlearningcentre.ca\">hr@actlearningcentre.ca<\/a><\/p>\n","protected":false},"excerpt":{"rendered":"<p>LES ORTHOPHONISTES Nous recherchons actuellement des orthophonistes qualifi\u00e9s int\u00e9ress\u00e9s par des postes \u00e0 temps plein et temps partiel\u00a0pour rejoindre notre \u00e9quipe dynamique et multidisciplinaire. Nous offrons : Une r\u00e9mun\u00e9ration comp\u00e9titive Le perfectionnement professionnel Possibilit\u00e9s de formation continue Ressources et soutien par les pairs Horaire flexible Qualifications : Titulaire d\u2019une ma\u00eetrise en sciences de l&rsquo;orthophonie. \u00catre [&hellip;]<\/p>\n","protected":false},"author":580,"featured_media":0,"parent":3621,"menu_order":0,"comment_status":"closed","ping_status":"closed","template":"","meta":{"footnotes":""},"aioseo_notices":[],"_links":{"self":[{"href":"https:\/\/actlearningcentre.ca\/fr\/wp-json\/wp\/v2\/pages\/3742"}],"collection":[{"href":"https:\/\/actlearningcentre.ca\/fr\/wp-json\/wp\/v2\/pages"}],"about":[{"href":"https:\/\/actlearningcentre.ca\/fr\/wp-json\/wp\/v2\/types\/page"}],"author":[{"embeddable":true,"href":"https:\/\/actlearningcentre.ca\/fr\/wp-json\/wp\/v2\/users\/580"}],"replies":[{"embeddable":true,"href":"https:\/\/actlearningcentre.ca\/fr\/wp-json\/wp\/v2\/comments?post=3742"}],"version-history":[{"count":3,"href":"https:\/\/actlearningcentre.ca\/fr\/wp-json\/wp\/v2\/pages\/3742\/revisions"}],"predecessor-version":[{"id":5593,"href":"https:\/\/actlearningcentre.ca\/fr\/wp-json\/wp\/v2\/pages\/3742\/revisions\/5593"}],"up":[{"embeddable":true,"href":"https:\/\/actlearningcentre.ca\/fr\/wp-json\/wp\/v2\/pages\/3621"}],"wp:attachment":[{"href":"https:\/\/actlearningcentre.ca\/fr\/wp-json\/wp\/v2\/media?parent=3742"}],"curies":[{"name":"wp","href":"https:\/\/api.w.org\/{rel}","templated":true}]}}