{"id":3746,"date":"2020-01-08T02:24:58","date_gmt":"2020-01-08T02:24:58","guid":{"rendered":"https:\/\/actlearningcentre.ca\/opportunites-de-carriere\/careers-instructor-therapists\/"},"modified":"2021-06-18T13:58:33","modified_gmt":"2021-06-18T13:58:33","slug":"careers-instructor-therapists","status":"publish","type":"page","link":"https:\/\/actlearningcentre.ca\/fr\/opportunites-de-carriere\/careers-instructor-therapists\/","title":{"rendered":"TH\u00c9RAPEUTES INSTRUCTEURS.TRICES"},"content":{"rendered":"\n<h1 class=\"wp-block-heading\">TH\u00c9RAPEUTES INSTRUCTEURS.TRICES<\/h1>\n\n\n\n<p>ACT propose des th\u00e9rapies individualis\u00e9es et fond\u00e9es sur des donn\u00e9es probantes aux enfants, aux adolescents et aux jeunes adultes atteints d&rsquo;autisme. Nous sommes engag\u00e9s dans une approche multidisciplinaire et nos pratiques sont centr\u00e9es sur un engagement positif avec les clients que nous servons et leurs familles.<\/p>\n\n\n\n<p>Nous sommes \u00e0 la recherche de personnes enthousiastes, d\u00e9vou\u00e9es et qualifi\u00e9es pour rejoindre notre \u00e9quipe au poste de th\u00e9rapeutes instructeurs.trices (TI). Les TI travaillent sur une base individuelle avec les enfants et les jeunes dans nos programmes d&rsquo;intervention. L&rsquo;intervention\/la th\u00e9rapie a lieu au domicile de l&rsquo;enfant\/du jeune ou dans notre centre.<\/p>\n\n\n\n<p><strong><u>Travail effectu\u00e9 :<\/u><\/strong><\/p>\n\n\n\n<ul><li>Fournir une th\u00e9rapie aux enfants autistes sur une base individuelle, selon les programmes con\u00e7us par l&rsquo;\u00e9quipe de traitement sous la supervision d&rsquo;un th\u00e9rapeute superviseur ou BCBA. Il s&rsquo;agit d&rsquo;enseigner aux enfants des comp\u00e9tences dans de nombreux domaines tels que la communication, le langage, le jeu, les aptitudes sociales, motrices, d\u00e9veloppementales et scolaires.<\/li><li>Cueillette et enregistrement des donn\u00e9es<\/li><li>Tenir \u00e0 jour les dossiers des clients<\/li><li>Remplir des rapports d&rsquo;activit\u00e9 hebdomadaires<\/li><li>Participer aux r\u00e9unions d&rsquo;\u00e9quipe<\/li><\/ul>\n\n\n\n<p><strong><u>Formation\/exp\u00e9rience professionnelle :<\/u><\/strong><\/p>\n\n\n\n<ul><li>Formation en intervention en autisme et\/ou dans un domaine connexe (\u00e9ducation de la petite enfance, troubles de la communication, psychologie).<\/li><li>Exp\u00e9rience de travail avec des enfants\/jeunes<\/li><li>V\u00e9rification du casier judiciaire et certificat de premiers soins\/RCP (ACT organise r\u00e9guli\u00e8rement des cours de premiers soins\/RCP pour le personnel).<\/li><li>Connaissances en informatique<\/li><\/ul>\n\n\n\n<p><strong><u>Autres exigences du poste :<\/u><\/strong><\/p>\n\n\n\n<ul><li>Bonne capacit\u00e9 \u00e0 r\u00e9soudre les probl\u00e8mes<\/li><li>Capacit\u00e9 \u00e0 travailler de mani\u00e8re autonome et au sein d&rsquo;une \u00e9quipe.<\/li><li>Comp\u00e9tences sup\u00e9rieures en communication et en relations interpersonnelles ; capacit\u00e9 \u00e0 traiter avec des groupes diversifi\u00e9s<\/li><li>Solides comp\u00e9tences organisationnelles et administratives<\/li><li><strong><em>L&rsquo;utilisation d&rsquo;un v\u00e9hicule et la volont\u00e9 de voyager dans la r\u00e9gion du Grand Ottawa sont requises (de Kanata \u00e0 Orl\u00e9ans<\/em><\/strong><strong>)<\/strong>. Une compensation pour le kilom\u00e9trage est pr\u00e9vue.<\/li><\/ul>\n\n\n\n<p><em>Bien que nous appr\u00e9cions toutes les candidatures re\u00e7ues, seuls les candidats s\u00e9lectionn\u00e9s pour une entrevue seront contact\u00e9s. <\/em><\/p>\n\n\n\n<p>Pour postuler, veuillez envoyer votre CV par courriel \u00e0 <a href=\"mailto:jboileau@actlearningcentre.ca\">jboileau@actlearningcentre.ca<\/a><\/p>\n\n\n\n<p><\/p>\n","protected":false},"excerpt":{"rendered":"<p>TH\u00c9RAPEUTES INSTRUCTEURS.TRICES ACT propose des th\u00e9rapies individualis\u00e9es et fond\u00e9es sur des donn\u00e9es probantes aux enfants, aux adolescents et aux jeunes adultes atteints d&rsquo;autisme. Nous sommes engag\u00e9s dans une approche multidisciplinaire et nos pratiques sont centr\u00e9es sur un engagement positif avec les clients que nous servons et leurs familles. Nous sommes \u00e0 la recherche de personnes [&hellip;]<\/p>\n","protected":false},"author":580,"featured_media":0,"parent":3621,"menu_order":0,"comment_status":"closed","ping_status":"closed","template":"","meta":{"footnotes":""},"aioseo_notices":[],"_links":{"self":[{"href":"https:\/\/actlearningcentre.ca\/fr\/wp-json\/wp\/v2\/pages\/3746"}],"collection":[{"href":"https:\/\/actlearningcentre.ca\/fr\/wp-json\/wp\/v2\/pages"}],"about":[{"href":"https:\/\/actlearningcentre.ca\/fr\/wp-json\/wp\/v2\/types\/page"}],"author":[{"embeddable":true,"href":"https:\/\/actlearningcentre.ca\/fr\/wp-json\/wp\/v2\/users\/580"}],"replies":[{"embeddable":true,"href":"https:\/\/actlearningcentre.ca\/fr\/wp-json\/wp\/v2\/comments?post=3746"}],"version-history":[{"count":2,"href":"https:\/\/actlearningcentre.ca\/fr\/wp-json\/wp\/v2\/pages\/3746\/revisions"}],"predecessor-version":[{"id":3748,"href":"https:\/\/actlearningcentre.ca\/fr\/wp-json\/wp\/v2\/pages\/3746\/revisions\/3748"}],"up":[{"embeddable":true,"href":"https:\/\/actlearningcentre.ca\/fr\/wp-json\/wp\/v2\/pages\/3621"}],"wp:attachment":[{"href":"https:\/\/actlearningcentre.ca\/fr\/wp-json\/wp\/v2\/media?parent=3746"}],"curies":[{"name":"wp","href":"https:\/\/api.w.org\/{rel}","templated":true}]}}