{"id":3927,"date":"2017-12-14T16:56:13","date_gmt":"2017-12-14T16:56:13","guid":{"rendered":"https:\/\/actlearningcentre.ca\/privacy-policy\/"},"modified":"2021-11-25T13:49:34","modified_gmt":"2021-11-25T13:49:34","slug":"privacy-policy","status":"publish","type":"page","link":"https:\/\/actlearningcentre.ca\/fr\/privacy-policy\/","title":{"rendered":"Privacy Policy"},"content":{"rendered":"\n<style type=\"text\/css\" data-created_by=\"avia_inline_auto\" id=\"style-css-av-1es6fn-4de571014b6092f020c1c1f00fc2911d\">\n.avia-section.av-1es6fn-4de571014b6092f020c1c1f00fc2911d .av-section-color-overlay{\nopacity:0.8;\nbackground-color:#00afef;\nbackground-image:url(https:\/\/actlearningcentre.ca\/wp-content\/themes\/enfold\/images\/background-images\/diagonal-thin-light.png);\nbackground-repeat:repeat;\n}\n<\/style>\n<div id='av_section_1'  class='avia-section av-1es6fn-4de571014b6092f020c1c1f00fc2911d main_color avia-section-default avia-no-border-styling  avia-builder-el-0  el_before_av_section  avia-builder-el-first  avia-bg-style-scroll av-section-color-overlay-active av-minimum-height av-minimum-height-50 av-height-50  container_wrap fullsize'   data-av_minimum_height_pc='50' data-av_min_height_opt='50'><div class=\"av-section-color-overlay-wrap\"><div class=\"av-section-color-overlay\"><\/div><div class='container av-section-cont-open' ><main  role=\"main\" itemprop=\"mainContentOfPage\"  class='template-page content  av-content-full alpha units'><div class='post-entry post-entry-type-page post-entry-3927'><div class='entry-content-wrapper clearfix'>\n<div class='flex_column_table av-1bgce3-77009fde2d9807e7527f14c63e06d554 sc-av_one_full av-equal-height-column-flextable'>\n<style type=\"text\/css\" data-created_by=\"avia_inline_auto\" id=\"style-css-av-1bgce3-77009fde2d9807e7527f14c63e06d554\">\n.flex_column.av-1bgce3-77009fde2d9807e7527f14c63e06d554{\nborder-radius:0px 0px 0px 0px;\npadding:0px 0px 0px 0px;\n}\n<\/style>\n<div  class='flex_column av-1bgce3-77009fde2d9807e7527f14c63e06d554 av_one_full  avia-builder-el-1  avia-builder-el-no-sibling  first flex_column_table_cell av-equal-height-column av-align-middle av-zero-column-padding  '     ><style type=\"text\/css\" data-created_by=\"avia_inline_auto\" id=\"style-css-av-1242oj-9d374547eb069d14b9e6dab0edf4dfb7\">\n#top .av-special-heading.av-1242oj-9d374547eb069d14b9e6dab0edf4dfb7{\npadding-bottom:10px;\ncolor:#ffffff;\n}\nbody .av-special-heading.av-1242oj-9d374547eb069d14b9e6dab0edf4dfb7 .av-special-heading-tag .heading-char{\nfont-size:25px;\n}\n.av-special-heading.av-1242oj-9d374547eb069d14b9e6dab0edf4dfb7 .special-heading-inner-border{\nborder-color:#ffffff;\n}\n.av-special-heading.av-1242oj-9d374547eb069d14b9e6dab0edf4dfb7 .av-subheading{\nfont-size:15px;\n}\n<\/style>\n<div  class='av-special-heading av-1242oj-9d374547eb069d14b9e6dab0edf4dfb7 av-special-heading-h1 custom-color-heading blockquote modern-quote modern-centered  avia-builder-el-2  avia-builder-el-no-sibling '><h1 class='av-special-heading-tag'  itemprop=\"headline\"  >D\u00e9claration de confidentialit\u00e9<\/h1><div class=\"special-heading-border\"><div class=\"special-heading-inner-border\"><\/div><\/div><\/div><\/div><\/div><!--close column table wrapper. Autoclose: 1 --><\/div><\/div><\/main><!-- close content main element --><\/div><\/div><\/div>\n<style type=\"text\/css\" data-created_by=\"avia_inline_auto\" id=\"style-css-av-x6hxn-0eebe670d6ce80665084fd5125828f21\">\n.avia-section.av-x6hxn-0eebe670d6ce80665084fd5125828f21{\nbackground-color:#ffffff;\nbackground-image:unset;\n}\n<\/style>\n<div id='story-and-values'  class='avia-section av-x6hxn-0eebe670d6ce80665084fd5125828f21 main_color avia-section-huge avia-no-shadow  avia-builder-el-3  el_after_av_section  el_before_av_layout_row  avia-bg-style-scroll container_wrap fullsize'  ><div class='container av-section-cont-open' ><div class='template-page content  av-content-full alpha units'><div class='post-entry post-entry-type-page post-entry-3927'><div class='entry-content-wrapper clearfix'>\n\n<style type=\"text\/css\" data-created_by=\"avia_inline_auto\" id=\"style-css-av-2m0nf-bceafbd913e42e9240b6f95ad4bd2af8\">\n.flex_column.av-2m0nf-bceafbd913e42e9240b6f95ad4bd2af8{\nborder-radius:0px 0px 0px 0px;\npadding:0px 0px 0px 0px;\n}\n<\/style>\n<div  class='flex_column av-2m0nf-bceafbd913e42e9240b6f95ad4bd2af8 av_one_full  avia-builder-el-4  avia-builder-el-no-sibling  first flex_column_div av-zero-column-padding  '     ><section  class='av_textblock_section av-ir917-1005be6b5157d49d2d28ab7d19f99372 '   itemscope=\"itemscope\" itemtype=\"https:\/\/schema.org\/CreativeWork\" ><div class='avia_textblock'  itemprop=\"text\" ><p><strong>Centre d&rsquo;apprentissage ACT<\/strong><\/p>\n<p>L&rsquo;objectif de la d\u00e9claration de confidentialit\u00e9 d&rsquo;ACT est de communiquer la mani\u00e8re dont ce site Web recueille, prot\u00e8ge et utilise les renseignements personnels que vous d\u00e9cidez de nous communiquer. Nous respectons et prot\u00e9geons tous les renseignements personnels que vous confiez \u00e0 ACT.<\/p>\n<p><strong>Comment nous utilisons les renseignements<\/strong><\/p>\n<p>En fonction du formulaire que vous avez soumis, nous utilisons ces informations pour mener \u00e0 bien une \u00ab action \u00bb en votre nom. Nous n&rsquo;utilisons pas vos renseignements personnels \u00e0 d&rsquo;autres fins que celles auxquelles elles \u00e9taient destin\u00e9es.<\/p>\n<p><strong>Renseignements passifs que nous recueillons<\/strong><\/p>\n<p>Notre site recueille des renseignements non personnels. Parmi les exemples de renseignements non personnels figurent l&rsquo;adresse IP, le type de navigateur, le syst\u00e8me d&rsquo;exploitation, la date et l&rsquo;heure de la visite, les pages visit\u00e9es et le site que vous avez visit\u00e9 avant de vous rendre sur notre site. Les renseignements passifs que nous recueillons ne vous relient pas personnellement.<\/p>\n<p><strong>Comment nous utilisons les renseignements passifs recueillis<\/strong><\/p>\n<p>Nous utilisons ces renseignements pour g\u00e9n\u00e9rer des statistiques sur notre site, comme le nombre de visiteurs que nous recevons.<\/p>\n<p><strong>Liens vers des tiers<\/strong><\/p>\n<p>Nous pensons qu&rsquo;il est utile de fournir des liens vers des ressources de sites Web suppl\u00e9mentaires \u00e0 partir de notre site Web pour votre commodit\u00e9. Ce faisant, ACT n&rsquo;est pas responsable des politiques de confidentialit\u00e9, des pratiques ou du contenu des sites Web de tiers.<\/p>\n<p><strong>Opportunit\u00e9s de carri\u00e8re<\/strong><\/p>\n<p>Toute information personnelle envoy\u00e9e aux opportunit\u00e9s de carri\u00e8re d&rsquo;ACT sous la forme d&rsquo;un CV ou d&rsquo;une candidature \u00e0 un poste est consid\u00e9r\u00e9e comme un renseignement personnel. Si vous envoyez votre CV, il est entendu que notre service des ressources humaines l&rsquo;examinera et qu&rsquo;il lui appartiendra de d\u00e9cider s&rsquo;il sera transmis au responsable du recrutement et au chef de service de ce dernier. Le curriculum vitae, ou tout autre renseignement personnel, ne seront pas transmis \u00e0 un tiers.<\/p>\n<p><strong>Les enfants et la confidentialit\u00e9<\/strong><\/p>\n<p>ACT Therapy ne commercialise pas ses services aupr\u00e8s des enfants ; par cons\u00e9quent, notre entreprise ne sollicite pas sciemment des enfants de moins de 13 ans pour visiter son site Web.<\/p>\n<p><strong>Modifications de la d\u00e9claration de confidentialit\u00e9<\/strong><\/p>\n<p>ACT se r\u00e9serve le droit de revoir et de mettre \u00e0 jour sa d\u00e9claration de confidentialit\u00e9 de temps \u00e0 autre.<\/p>\n<p><strong>Informations g\u00e9n\u00e9rales<\/strong><\/p>\n<p>Si vous avez des questions sur la d\u00e9claration de confidentialit\u00e9 d&rsquo;ACT, veuillez contacter info@actlearningcentre.ca .<\/p>\n<\/div><\/section><\/div>\n<\/p>\n<\/div><\/div><\/div><!-- close content main div --><\/div><\/div><div id='av-layout-grid-1'  class='av-layout-grid-container av-gpmkj-4446a5a207dbfa2f55eca028ebcd9638 entry-content-wrapper footer_color av-flex-cells  avia-builder-el-6  el_after_av_section  avia-builder-el-last  grid-row-not-first  container_wrap fullsize'  >\n\n<style type=\"text\/css\" data-created_by=\"avia_inline_auto\" id=\"style-css-av-8ukr7-565d2e6c6a09c5a62f01a3300e25714a\">\n.flex_cell.av-8ukr7-565d2e6c6a09c5a62f01a3300e25714a{\nvertical-align:top;\nheight:10px;\nmin-height:10px;\n}\n.responsive #top #wrap_all .flex_cell.av-8ukr7-565d2e6c6a09c5a62f01a3300e25714a{\npadding:0px 0px 0px 0px !important;\n}\n<\/style>\n<div class='flex_cell av-8ukr7-565d2e6c6a09c5a62f01a3300e25714a av-gridrow-cell av_one_full no_margin  avia-builder-el-7  avia-builder-el-no-sibling  av-zero-padding'  ><div class='flex_cell_inner'><\/div><\/div>\n<\/div>\n","protected":false},"excerpt":{"rendered":"","protected":false},"author":582,"featured_media":0,"parent":0,"menu_order":21,"comment_status":"closed","ping_status":"closed","template":"","meta":{"footnotes":""},"aioseo_notices":[],"_links":{"self":[{"href":"https:\/\/actlearningcentre.ca\/fr\/wp-json\/wp\/v2\/pages\/3927"}],"collection":[{"href":"https:\/\/actlearningcentre.ca\/fr\/wp-json\/wp\/v2\/pages"}],"about":[{"href":"https:\/\/actlearningcentre.ca\/fr\/wp-json\/wp\/v2\/types\/page"}],"author":[{"embeddable":true,"href":"https:\/\/actlearningcentre.ca\/fr\/wp-json\/wp\/v2\/users\/582"}],"replies":[{"embeddable":true,"href":"https:\/\/actlearningcentre.ca\/fr\/wp-json\/wp\/v2\/comments?post=3927"}],"version-history":[{"count":7,"href":"https:\/\/actlearningcentre.ca\/fr\/wp-json\/wp\/v2\/pages\/3927\/revisions"}],"predecessor-version":[{"id":3939,"href":"https:\/\/actlearningcentre.ca\/fr\/wp-json\/wp\/v2\/pages\/3927\/revisions\/3939"}],"wp:attachment":[{"href":"https:\/\/actlearningcentre.ca\/fr\/wp-json\/wp\/v2\/media?parent=3927"}],"curies":[{"name":"wp","href":"https:\/\/api.w.org\/{rel}","templated":true}]}}