{"id":6176,"date":"2024-03-18T12:17:08","date_gmt":"2024-03-18T12:17:08","guid":{"rendered":"https:\/\/actlearningcentre.ca\/?page_id=6176"},"modified":"2024-03-18T12:17:10","modified_gmt":"2024-03-18T12:17:10","slug":"vos-commentaires-et-vos-plaintes","status":"publish","type":"page","link":"https:\/\/actlearningcentre.ca\/fr\/vos-commentaires-et-vos-plaintes\/","title":{"rendered":"Vos commentaires et vos plaintes"},"content":{"rendered":"<div  class='flex_column av-av_one_full-7714eba142aeda1f8b5272a3c372b279 av_one_full  avia-builder-el-0  avia-builder-el-no-sibling  first flex_column_div  '     ><section  class='av_textblock_section av-ltwwrj0f-5bd52210e5fb3bbc75bf7476d866897a '   itemscope=\"itemscope\" itemtype=\"https:\/\/schema.org\/CreativeWork\" ><div class='avia_textblock'  itemprop=\"text\" ><h1><strong>Vos commentaires et vos plaintes<\/strong><\/h1>\n<p>Le Centre d&rsquo;apprentissage ACT s&rsquo;engage \u00e0 offrir le meilleur service possible \u00e0 ses clients et \u00e0 leurs familles. Nous nous engageons \u00e0 am\u00e9liorer la qualit\u00e9 du service que nous fournissons en \u00e9coutant les commentaires critiques.<\/p>\n<p>Veuillez remplir le formulaire ci-dessous si vous avez des commentaires ou une plainte \u00e0 formuler concernant le service que vous avez re\u00e7u ou que vous recevez. Un membre de notre \u00e9quipe vous r\u00e9pondra dans un d\u00e9lai d\u2019un jour ouvrable.<\/p>\n<p>Nous traiterons avec discr\u00e9tion toutes les informations relatives \u00e0 vos pr\u00e9occupations, en ne les communiquant qu&rsquo;aux personnes qui ont besoin de les conna\u00eetre et en respectant les r\u00e8gles de confidentialit\u00e9 de l\u2019ACT.<\/p>\n<\/div><\/section><br \/>\n<\/p><\/div>\n","protected":false},"excerpt":{"rendered":"","protected":false},"author":587,"featured_media":0,"parent":0,"menu_order":0,"comment_status":"closed","ping_status":"closed","template":"","meta":{"footnotes":""},"aioseo_notices":[],"_links":{"self":[{"href":"https:\/\/actlearningcentre.ca\/fr\/wp-json\/wp\/v2\/pages\/6176"}],"collection":[{"href":"https:\/\/actlearningcentre.ca\/fr\/wp-json\/wp\/v2\/pages"}],"about":[{"href":"https:\/\/actlearningcentre.ca\/fr\/wp-json\/wp\/v2\/types\/page"}],"author":[{"embeddable":true,"href":"https:\/\/actlearningcentre.ca\/fr\/wp-json\/wp\/v2\/users\/587"}],"replies":[{"embeddable":true,"href":"https:\/\/actlearningcentre.ca\/fr\/wp-json\/wp\/v2\/comments?post=6176"}],"version-history":[{"count":2,"href":"https:\/\/actlearningcentre.ca\/fr\/wp-json\/wp\/v2\/pages\/6176\/revisions"}],"predecessor-version":[{"id":6179,"href":"https:\/\/actlearningcentre.ca\/fr\/wp-json\/wp\/v2\/pages\/6176\/revisions\/6179"}],"wp:attachment":[{"href":"https:\/\/actlearningcentre.ca\/fr\/wp-json\/wp\/v2\/media?parent=6176"}],"curies":[{"name":"wp","href":"https:\/\/api.w.org\/{rel}","templated":true}]}}